{"id":1056,"date":"2019-01-05T19:53:55","date_gmt":"2019-01-05T18:53:55","guid":{"rendered":"https:\/\/www.wenxt.com\/?page_id=1056"},"modified":"2019-06-25T13:54:24","modified_gmt":"2019-06-25T12:54:24","slug":"geodonnees-marketing","status":"publish","type":"page","link":"https:\/\/www.wenxt.com\/index.php\/fr\/geodonnees-marketing\/","title":{"rendered":"G\u00e9oDonn\u00e9es Marketing"},"content":{"rendered":"\n\n\n<h2 class=\"wp-block-heading\">Faites \u00e9voluer votre <span style=\"color: #ce1b00;\"><strong>G\u00e9oMarketing B2B et B2C<\/strong><\/span> vers le MEILLEUR niveau avec des G\u00e9oDonn\u00e9es de <span style=\"color: #ce1b00;\"><strong> MBI <\/strong><\/span>.<\/h2>\n\n\n\n<p><span style=\"color: #ce1b00;\"><strong>WE::NXT<\/strong><\/span> est un Revendeur Agr\u00e9e des <strong><span style=\"color: #ce1b00;\">G\u00e9oDonn\u00e9es de Michael Bauer International<\/span><\/strong><br>Voir ci-dessous pour plus de details. Merci de nous contacter si vous souhaitez une cotation.<\/p>\n\n\n\n<hr class=\"wp-block-separator\"\/>\n\n\n\n<div class=\"wp-block-image\"><figure class=\"aligncenter is-resized\"><img loading=\"lazy\" decoding=\"async\" src=\"https:\/\/www.wenxt.com\/wp-content\/uploads\/2018\/12\/MBI.jpg\" alt=\"\" class=\"wp-image-873\" width=\"310\" height=\"91\" srcset=\"https:\/\/www.wenxt.com\/wp-content\/uploads\/2018\/12\/MBI.jpg 474w, https:\/\/www.wenxt.com\/wp-content\/uploads\/2018\/12\/MBI-300x88.jpg 300w\" sizes=\"auto, (max-width: 310px) 100vw, 310px\" \/><\/figure><\/div>\n\n\n\n<hr class=\"wp-block-separator\"\/>\n\n\n<p><iframe loading=\"lazy\" id=\"mbi-iframe\" src=\"\/\/www.mbi-geodata.com\/p6\/\" scrolling=\"no\" style=\"border: none; margin: 0; padding: 0; overflow: hidden;\" width=\"100%\" height=\"300\"><\/iframe><br><script src=\"\/\/www.mbi-geodata.com\/wp-content\/themes\/partner\/library\/js\/embed.js\"><\/script><\/p>\n\n\n<hr class=\"wp-block-separator\"\/>\n","protected":false},"excerpt":{"rendered":"<p>Faites \u00e9voluer votre G\u00e9oMarketing B2B et B2C vers le MEILLEUR niveau avec des G\u00e9oDonn\u00e9es de MBI . WE::NXT est un Revendeur Agr\u00e9e des G\u00e9oDonn\u00e9es de Michael Bauer InternationalVoir ci-dessous pour plus de details. Merci de nous contacter si vous souhaitez une cotation.<\/p>\n","protected":false},"author":1,"featured_media":0,"parent":0,"menu_order":40,"comment_status":"closed","ping_status":"closed","template":"template\/template-contact.php","meta":{"content-type":"","footnotes":""},"class_list":["post-1056","page","type-page","status-publish","hentry"],"yoast_head":"<!-- This site is optimized with the Yoast SEO plugin v27.5 - https:\/\/yoast.com\/product\/yoast-seo-wordpress\/ -->\n<title>G\u00e9oDonn\u00e9es Marketing - We::NXT consulting - For World-Class GeoMarketing<\/title>\n<meta name=\"robots\" content=\"index, follow, max-snippet:-1, max-image-preview:large, max-video-preview:-1\" \/>\n<link rel=\"canonical\" href=\"https:\/\/www.wenxt.com\/index.php\/fr\/geodonnees-marketing\/\" \/>\n<meta property=\"og:locale\" content=\"fr_FR\" \/>\n<meta property=\"og:type\" content=\"article\" \/>\n<meta property=\"og:title\" content=\"G\u00e9oDonn\u00e9es Marketing - We::NXT consulting - For World-Class GeoMarketing\" \/>\n<meta property=\"og:description\" content=\"Faites \u00e9voluer votre G\u00e9oMarketing B2B et B2C vers le MEILLEUR niveau avec des G\u00e9oDonn\u00e9es de MBI . WE::NXT est un Revendeur Agr\u00e9e des G\u00e9oDonn\u00e9es de Michael Bauer InternationalVoir ci-dessous pour plus de details. Merci de nous contacter si vous souhaitez une cotation.\" \/>\n<meta property=\"og:url\" content=\"https:\/\/www.wenxt.com\/index.php\/fr\/geodonnees-marketing\/\" \/>\n<meta property=\"og:site_name\" content=\"We::NXT consulting\" \/>\n<meta property=\"article:modified_time\" content=\"2019-06-25T12:54:24+00:00\" \/>\n<meta property=\"og:image\" content=\"https:\/\/www.wenxt.com\/wp-content\/uploads\/2018\/12\/MBI.jpg\" \/>\n<meta name=\"twitter:card\" content=\"summary_large_image\" \/>\n<script type=\"application\/ld+json\" class=\"yoast-schema-graph\">{\"@context\":\"https:\\\/\\\/schema.org\",\"@graph\":[{\"@type\":\"WebPage\",\"@id\":\"https:\\\/\\\/www.wenxt.com\\\/index.php\\\/fr\\\/geodonnees-marketing\\\/\",\"url\":\"https:\\\/\\\/www.wenxt.com\\\/index.php\\\/fr\\\/geodonnees-marketing\\\/\",\"name\":\"G\u00e9oDonn\u00e9es Marketing - We::NXT consulting - For World-Class GeoMarketing\",\"isPartOf\":{\"@id\":\"https:\\\/\\\/www.wenxt.com\\\/#website\"},\"primaryImageOfPage\":{\"@id\":\"https:\\\/\\\/www.wenxt.com\\\/index.php\\\/fr\\\/geodonnees-marketing\\\/#primaryimage\"},\"image\":{\"@id\":\"https:\\\/\\\/www.wenxt.com\\\/index.php\\\/fr\\\/geodonnees-marketing\\\/#primaryimage\"},\"thumbnailUrl\":\"https:\\\/\\\/www.wenxt.com\\\/wp-content\\\/uploads\\\/2018\\\/12\\\/MBI.jpg\",\"datePublished\":\"2019-01-05T18:53:55+00:00\",\"dateModified\":\"2019-06-25T12:54:24+00:00\",\"breadcrumb\":{\"@id\":\"https:\\\/\\\/www.wenxt.com\\\/index.php\\\/fr\\\/geodonnees-marketing\\\/#breadcrumb\"},\"inLanguage\":\"fr-FR\",\"potentialAction\":[{\"@type\":\"ReadAction\",\"target\":[\"https:\\\/\\\/www.wenxt.com\\\/index.php\\\/fr\\\/geodonnees-marketing\\\/\"]}]},{\"@type\":\"ImageObject\",\"inLanguage\":\"fr-FR\",\"@id\":\"https:\\\/\\\/www.wenxt.com\\\/index.php\\\/fr\\\/geodonnees-marketing\\\/#primaryimage\",\"url\":\"https:\\\/\\\/www.wenxt.com\\\/wp-content\\\/uploads\\\/2018\\\/12\\\/MBI.jpg\",\"contentUrl\":\"https:\\\/\\\/www.wenxt.com\\\/wp-content\\\/uploads\\\/2018\\\/12\\\/MBI.jpg\",\"width\":474,\"height\":139},{\"@type\":\"BreadcrumbList\",\"@id\":\"https:\\\/\\\/www.wenxt.com\\\/index.php\\\/fr\\\/geodonnees-marketing\\\/#breadcrumb\",\"itemListElement\":[{\"@type\":\"ListItem\",\"position\":1,\"name\":\"Home\",\"item\":\"https:\\\/\\\/www.wenxt.com\\\/\"},{\"@type\":\"ListItem\",\"position\":2,\"name\":\"G\u00e9oDonn\u00e9es Marketing\"}]},{\"@type\":\"WebSite\",\"@id\":\"https:\\\/\\\/www.wenxt.com\\\/#website\",\"url\":\"https:\\\/\\\/www.wenxt.com\\\/\",\"name\":\"We::NXT consulting\",\"description\":\"Go-To-Market and Sales Acceleration\",\"publisher\":{\"@id\":\"https:\\\/\\\/www.wenxt.com\\\/#organization\"},\"potentialAction\":[{\"@type\":\"SearchAction\",\"target\":{\"@type\":\"EntryPoint\",\"urlTemplate\":\"https:\\\/\\\/www.wenxt.com\\\/?s={search_term_string}\"},\"query-input\":{\"@type\":\"PropertyValueSpecification\",\"valueRequired\":true,\"valueName\":\"search_term_string\"}}],\"inLanguage\":\"fr-FR\"},{\"@type\":\"Organization\",\"@id\":\"https:\\\/\\\/www.wenxt.com\\\/#organization\",\"name\":\"WE::NXT\",\"url\":\"https:\\\/\\\/www.wenxt.com\\\/\",\"logo\":{\"@type\":\"ImageObject\",\"inLanguage\":\"fr-FR\",\"@id\":\"https:\\\/\\\/www.wenxt.com\\\/#\\\/schema\\\/logo\\\/image\\\/\",\"url\":\"https:\\\/\\\/www.wenxt.com\\\/wp-content\\\/uploads\\\/2026\\\/01\\\/WENXT-long-zoom-10pct-png.png\",\"contentUrl\":\"https:\\\/\\\/www.wenxt.com\\\/wp-content\\\/uploads\\\/2026\\\/01\\\/WENXT-long-zoom-10pct-png.png\",\"width\":1041,\"height\":244,\"caption\":\"WE::NXT\"},\"image\":{\"@id\":\"https:\\\/\\\/www.wenxt.com\\\/#\\\/schema\\\/logo\\\/image\\\/\"}}]}<\/script>\n<!-- \/ Yoast SEO plugin. -->","yoast_head_json":{"title":"G\u00e9oDonn\u00e9es Marketing - We::NXT consulting - For World-Class GeoMarketing","robots":{"index":"index","follow":"follow","max-snippet":"max-snippet:-1","max-image-preview":"max-image-preview:large","max-video-preview":"max-video-preview:-1"},"canonical":"https:\/\/www.wenxt.com\/index.php\/fr\/geodonnees-marketing\/","og_locale":"fr_FR","og_type":"article","og_title":"G\u00e9oDonn\u00e9es Marketing - We::NXT consulting - For World-Class GeoMarketing","og_description":"Faites \u00e9voluer votre G\u00e9oMarketing B2B et B2C vers le MEILLEUR niveau avec des G\u00e9oDonn\u00e9es de MBI . WE::NXT est un Revendeur Agr\u00e9e des G\u00e9oDonn\u00e9es de Michael Bauer InternationalVoir ci-dessous pour plus de details. Merci de nous contacter si vous souhaitez une cotation.","og_url":"https:\/\/www.wenxt.com\/index.php\/fr\/geodonnees-marketing\/","og_site_name":"We::NXT consulting","article_modified_time":"2019-06-25T12:54:24+00:00","og_image":[{"url":"https:\/\/www.wenxt.com\/wp-content\/uploads\/2018\/12\/MBI.jpg","type":"","width":"","height":""}],"twitter_card":"summary_large_image","schema":{"@context":"https:\/\/schema.org","@graph":[{"@type":"WebPage","@id":"https:\/\/www.wenxt.com\/index.php\/fr\/geodonnees-marketing\/","url":"https:\/\/www.wenxt.com\/index.php\/fr\/geodonnees-marketing\/","name":"G\u00e9oDonn\u00e9es Marketing - We::NXT consulting - For World-Class GeoMarketing","isPartOf":{"@id":"https:\/\/www.wenxt.com\/#website"},"primaryImageOfPage":{"@id":"https:\/\/www.wenxt.com\/index.php\/fr\/geodonnees-marketing\/#primaryimage"},"image":{"@id":"https:\/\/www.wenxt.com\/index.php\/fr\/geodonnees-marketing\/#primaryimage"},"thumbnailUrl":"https:\/\/www.wenxt.com\/wp-content\/uploads\/2018\/12\/MBI.jpg","datePublished":"2019-01-05T18:53:55+00:00","dateModified":"2019-06-25T12:54:24+00:00","breadcrumb":{"@id":"https:\/\/www.wenxt.com\/index.php\/fr\/geodonnees-marketing\/#breadcrumb"},"inLanguage":"fr-FR","potentialAction":[{"@type":"ReadAction","target":["https:\/\/www.wenxt.com\/index.php\/fr\/geodonnees-marketing\/"]}]},{"@type":"ImageObject","inLanguage":"fr-FR","@id":"https:\/\/www.wenxt.com\/index.php\/fr\/geodonnees-marketing\/#primaryimage","url":"https:\/\/www.wenxt.com\/wp-content\/uploads\/2018\/12\/MBI.jpg","contentUrl":"https:\/\/www.wenxt.com\/wp-content\/uploads\/2018\/12\/MBI.jpg","width":474,"height":139},{"@type":"BreadcrumbList","@id":"https:\/\/www.wenxt.com\/index.php\/fr\/geodonnees-marketing\/#breadcrumb","itemListElement":[{"@type":"ListItem","position":1,"name":"Home","item":"https:\/\/www.wenxt.com\/"},{"@type":"ListItem","position":2,"name":"G\u00e9oDonn\u00e9es Marketing"}]},{"@type":"WebSite","@id":"https:\/\/www.wenxt.com\/#website","url":"https:\/\/www.wenxt.com\/","name":"We::NXT consulting","description":"Go-To-Market and Sales Acceleration","publisher":{"@id":"https:\/\/www.wenxt.com\/#organization"},"potentialAction":[{"@type":"SearchAction","target":{"@type":"EntryPoint","urlTemplate":"https:\/\/www.wenxt.com\/?s={search_term_string}"},"query-input":{"@type":"PropertyValueSpecification","valueRequired":true,"valueName":"search_term_string"}}],"inLanguage":"fr-FR"},{"@type":"Organization","@id":"https:\/\/www.wenxt.com\/#organization","name":"WE::NXT","url":"https:\/\/www.wenxt.com\/","logo":{"@type":"ImageObject","inLanguage":"fr-FR","@id":"https:\/\/www.wenxt.com\/#\/schema\/logo\/image\/","url":"https:\/\/www.wenxt.com\/wp-content\/uploads\/2026\/01\/WENXT-long-zoom-10pct-png.png","contentUrl":"https:\/\/www.wenxt.com\/wp-content\/uploads\/2026\/01\/WENXT-long-zoom-10pct-png.png","width":1041,"height":244,"caption":"WE::NXT"},"image":{"@id":"https:\/\/www.wenxt.com\/#\/schema\/logo\/image\/"}}]}},"_links":{"self":[{"href":"https:\/\/www.wenxt.com\/index.php\/wp-json\/wp\/v2\/pages\/1056","targetHints":{"allow":["GET"]}}],"collection":[{"href":"https:\/\/www.wenxt.com\/index.php\/wp-json\/wp\/v2\/pages"}],"about":[{"href":"https:\/\/www.wenxt.com\/index.php\/wp-json\/wp\/v2\/types\/page"}],"author":[{"embeddable":true,"href":"https:\/\/www.wenxt.com\/index.php\/wp-json\/wp\/v2\/users\/1"}],"replies":[{"embeddable":true,"href":"https:\/\/www.wenxt.com\/index.php\/wp-json\/wp\/v2\/comments?post=1056"}],"version-history":[{"count":0,"href":"https:\/\/www.wenxt.com\/index.php\/wp-json\/wp\/v2\/pages\/1056\/revisions"}],"wp:attachment":[{"href":"https:\/\/www.wenxt.com\/index.php\/wp-json\/wp\/v2\/media?parent=1056"}],"curies":[{"name":"wp","href":"https:\/\/api.w.org\/{rel}","templated":true}]}}