{"id":1062,"date":"2019-01-05T20:03:09","date_gmt":"2019-01-05T19:03:09","guid":{"rendered":"https:\/\/www.wenxt.com\/?page_id=1062"},"modified":"2019-06-25T11:01:44","modified_gmt":"2019-06-25T10:01:44","slug":"clients","status":"publish","type":"page","link":"https:\/\/www.wenxt.com\/index.php\/fr\/a-propos-de\/clients\/","title":{"rendered":"Clients"},"content":{"rendered":"\n<div class=\"wp-block-media-text alignwide has-vivid-red-background-color\" style=\"grid-template-columns:27% auto\"><figure class=\"wp-block-media-text__media\"><img loading=\"lazy\" decoding=\"async\" width=\"458\" height=\"182\" src=\"https:\/\/www.wenxt.com\/wp-content\/uploads\/2019\/01\/01.-SYSNAV-logo.png\" alt=\"\" class=\"wp-image-1145\" srcset=\"https:\/\/www.wenxt.com\/wp-content\/uploads\/2019\/01\/01.-SYSNAV-logo.png 458w, https:\/\/www.wenxt.com\/wp-content\/uploads\/2019\/01\/01.-SYSNAV-logo-300x119.png 300w\" sizes=\"auto, (max-width: 458px) 100vw, 458px\" \/><\/figure><div class=\"wp-block-media-text__content\">\n<p class=\"has-background has-cyan-bluish-gray-background-color\">Client: <a href=\"http:\/\/www.sysnav.fr\/\" target=\"_blank\" rel=\"noreferrer noopener\">SYSNAV<\/a>  | Domaine: G\u00e9oServices  |  Mission: Strat\u00e9gie Go-To-Market pour une Nouvelle  Business Unit \/ Nouveaux Produits<\/p>\n<\/div><\/div>\n\n\n\n<hr class=\"wp-block-separator\"\/>\n\n\n\n<div class=\"wp-block-media-text alignwide has-vivid-red-background-color\" style=\"grid-template-columns:28% auto\"><figure class=\"wp-block-media-text__media\"><img loading=\"lazy\" decoding=\"async\" width=\"584\" height=\"312\" src=\"https:\/\/www.wenxt.com\/wp-content\/uploads\/2019\/01\/02.-EVINA-logo.jpg\" alt=\"\" class=\"wp-image-1149\" srcset=\"https:\/\/www.wenxt.com\/wp-content\/uploads\/2019\/01\/02.-EVINA-logo.jpg 584w, https:\/\/www.wenxt.com\/wp-content\/uploads\/2019\/01\/02.-EVINA-logo-300x160.jpg 300w\" sizes=\"auto, (max-width: 584px) 100vw, 584px\" \/><\/figure><div class=\"wp-block-media-text__content\">\n<p class=\"has-background has-cyan-bluish-gray-background-color\">Client: <a href=\"https:\/\/www.evina.fr\/\" target=\"_blank\" rel=\"noreferrer noopener\">EVINA<\/a>  |  Domaine: Cloud  |  Mission: Acc\u00e9l\u00e9ration Commerciale &amp; Interim BizDev<\/p>\n<\/div><\/div>\n\n\n\n<hr class=\"wp-block-separator\"\/>\n\n\n\n<div class=\"wp-block-media-text alignwide has-vivid-red-background-color\" style=\"grid-template-columns:29% auto\"><figure class=\"wp-block-media-text__media\"><img loading=\"lazy\" decoding=\"async\" width=\"388\" height=\"356\" src=\"https:\/\/www.wenxt.com\/wp-content\/uploads\/2019\/01\/03.WEMAP-logo-new.jpg\" alt=\"\" class=\"wp-image-1150\" srcset=\"https:\/\/www.wenxt.com\/wp-content\/uploads\/2019\/01\/03.WEMAP-logo-new.jpg 388w, https:\/\/www.wenxt.com\/wp-content\/uploads\/2019\/01\/03.WEMAP-logo-new-300x275.jpg 300w\" sizes=\"auto, (max-width: 388px) 100vw, 388px\" \/><\/figure><div class=\"wp-block-media-text__content\">\n<p class=\"has-background has-cyan-bluish-gray-background-color\">Client: <a href=\"https:\/\/www.getwemap.com\/\" target=\"_blank\" rel=\"noreferrer noopener\">WEMAP<\/a>  |  Domaine: G\u00e9oServices  |  Mission: Acc\u00e9l\u00e9ration Commerciale &amp; Coaching Ventes<\/p>\n<\/div><\/div>\n\n\n\n<hr class=\"wp-block-separator\"\/>\n\n\n\n<div class=\"wp-block-media-text alignwide has-vivid-red-background-color\" style=\"grid-template-columns:29% auto\"><figure class=\"wp-block-media-text__media\"><img loading=\"lazy\" decoding=\"async\" width=\"250\" height=\"70\" src=\"https:\/\/www.wenxt.com\/wp-content\/uploads\/2019\/01\/05.-skyreal-logo.jpg\" alt=\"\" class=\"wp-image-1153\"\/><\/figure><div class=\"wp-block-media-text__content\">\n<p class=\"has-background has-cyan-bluish-gray-background-color\">Client: <a href=\"https:\/\/sky-real.com\/\" target=\"_blank\" rel=\"noreferrer noopener\">SKYREAL<\/a>  |  Domaine: R\u00e9alit\u00e9 Virtuelle |  Mission: Acc\u00e9l\u00e9ration Commeriale &amp; Coaching Ventes<\/p>\n<\/div><\/div>\n\n\n\n<hr class=\"wp-block-separator\"\/>\n\n\n\n<div class=\"wp-block-media-text alignwide has-vivid-red-background-color\" style=\"grid-template-columns:29% auto\"><figure class=\"wp-block-media-text__media\"><img loading=\"lazy\" decoding=\"async\" width=\"481\" height=\"127\" src=\"https:\/\/www.wenxt.com\/wp-content\/uploads\/2019\/01\/04.-PROLOGUE-new.jpg\" alt=\"\" class=\"wp-image-1155\" srcset=\"https:\/\/www.wenxt.com\/wp-content\/uploads\/2019\/01\/04.-PROLOGUE-new.jpg 481w, https:\/\/www.wenxt.com\/wp-content\/uploads\/2019\/01\/04.-PROLOGUE-new-300x79.jpg 300w\" sizes=\"auto, (max-width: 481px) 100vw, 481px\" \/><\/figure><div class=\"wp-block-media-text__content\">\n<p class=\"has-background has-cyan-bluish-gray-background-color\">Client: <a href=\"http:\/\/www.prologue.fr\/\" target=\"_blank\" rel=\"noreferrer noopener\">PROLOGUE <\/a> |  Domaine: Cloud  |  Mission: Go-to-Market &amp; Acc\u00e9l\u00e9ration B2B pour l&rsquo;offre SaaS \u00ab\u00a0Use IT Cloud\u00a0\u00bb (<a href=\"https:\/\/www.useitcloud.com\/\" target=\"_blank\" rel=\"noreferrer noopener\">Use IT Cloud<\/a>) | Lancement Nouveau Produit<\/p>\n<\/div><\/div>\n\n\n\n<hr class=\"wp-block-separator\"\/>\n\n\n\n<div class=\"wp-block-media-text alignwide has-vivid-red-background-color\" style=\"grid-template-columns:30% auto\"><figure class=\"wp-block-media-text__media\"><img loading=\"lazy\" decoding=\"async\" width=\"150\" height=\"41\" src=\"https:\/\/www.wenxt.com\/wp-content\/uploads\/2019\/01\/06.-INVENIS-logo-website-1.png\" alt=\"\" class=\"wp-image-1160\"\/><\/figure><div class=\"wp-block-media-text__content\">\n<p class=\"has-background has-cyan-bluish-gray-background-color\">Client: <a href=\"https:\/\/www.invenis.co\/\" target=\"_blank\" rel=\"noreferrer noopener\">INVENIS<\/a>  |  Domaine: Cloud  |  Mission: Comit\u00e9 Strat\u00e9gique &amp; Acc\u00e9l\u00e9ration Commerciale<\/p>\n<\/div><\/div>\n\n\n\n<hr class=\"wp-block-separator\"\/>\n\n\n\n<div class=\"wp-block-media-text alignwide has-vivid-red-background-color\" style=\"grid-template-columns:30% auto\"><figure class=\"wp-block-media-text__media\"><img loading=\"lazy\" decoding=\"async\" width=\"412\" height=\"238\" src=\"https:\/\/www.wenxt.com\/wp-content\/uploads\/2019\/01\/06.-Microsoft-ImgOne.jpg\" alt=\"\" class=\"wp-image-1289\" srcset=\"https:\/\/www.wenxt.com\/wp-content\/uploads\/2019\/01\/06.-Microsoft-ImgOne.jpg 412w, https:\/\/www.wenxt.com\/wp-content\/uploads\/2019\/01\/06.-Microsoft-ImgOne-300x173.jpg 300w\" sizes=\"auto, (max-width: 412px) 100vw, 412px\" \/><\/figure><div class=\"wp-block-media-text__content\">\n<p class=\"has-background has-cyan-bluish-gray-background-color\">Client: <a href=\"https:\/\/www.microsoft.com\/en-us\/enterprise\">MICROSOFT <\/a>| Domaine: Cloud, IA, Transformation Digitale | Mission: Acc\u00e9l\u00e9ration Ventes B2B<\/p>\n<\/div><\/div>\n","protected":false},"excerpt":{"rendered":"<p>Client: SYSNAV | Domaine: G\u00e9oServices | Mission: Strat\u00e9gie Go-To-Market pour une Nouvelle Business Unit \/ Nouveaux Produits Client: EVINA | Domaine: Cloud | Mission: Acc\u00e9l\u00e9ration Commerciale &amp; Interim BizDev Client: WEMAP | Domaine: G\u00e9oServices | Mission: Acc\u00e9l\u00e9ration Commerciale &amp; Coaching Ventes Client: SKYREAL | Domaine: R\u00e9alit\u00e9 Virtuelle | Mission: Acc\u00e9l\u00e9ration Commeriale &amp; Coaching Ventes Client:<\/p><\/div>\n<div class=\"blog-btn\"><a href=\"https:\/\/www.wenxt.com\/index.php\/fr\/a-propos-de\/clients\/\" class=\"home-blog-btn\">Lire la suite<\/a><\/p>\n","protected":false},"author":1,"featured_media":0,"parent":1065,"menu_order":50,"comment_status":"closed","ping_status":"closed","template":"template\/template-contact.php","meta":{"content-type":"","footnotes":""},"class_list":["post-1062","page","type-page","status-publish","hentry"],"yoast_head":"<!-- This site is optimized with the Yoast SEO plugin v27.5 - https:\/\/yoast.com\/product\/yoast-seo-wordpress\/ -->\n<title>Clients - We::NXT consulting - R\u00e9f\u00e9rences Clients de WE::NXT<\/title>\n<meta name=\"description\" content=\"Principaux Clients et R\u00e9f\u00e9rences de WE::NXT.\" \/>\n<meta name=\"robots\" content=\"index, follow, max-snippet:-1, max-image-preview:large, max-video-preview:-1\" \/>\n<link rel=\"canonical\" href=\"https:\/\/www.wenxt.com\/index.php\/fr\/a-propos-de\/clients\/\" \/>\n<meta property=\"og:locale\" content=\"fr_FR\" \/>\n<meta property=\"og:type\" content=\"article\" \/>\n<meta property=\"og:title\" content=\"Clients - We::NXT consulting - R\u00e9f\u00e9rences Clients de WE::NXT\" \/>\n<meta property=\"og:description\" content=\"Principaux Clients et R\u00e9f\u00e9rences de WE::NXT.\" \/>\n<meta property=\"og:url\" content=\"https:\/\/www.wenxt.com\/index.php\/fr\/a-propos-de\/clients\/\" \/>\n<meta property=\"og:site_name\" content=\"We::NXT consulting\" \/>\n<meta property=\"article:modified_time\" content=\"2019-06-25T10:01:44+00:00\" \/>\n<meta property=\"og:image\" content=\"https:\/\/www.wenxt.com\/wp-content\/uploads\/2019\/01\/01.-SYSNAV-logo.png\" \/>\n<meta name=\"twitter:card\" content=\"summary_large_image\" \/>\n<meta name=\"twitter:label1\" content=\"Dur\u00e9e de lecture estim\u00e9e\" \/>\n\t<meta name=\"twitter:data1\" content=\"1 minute\" \/>\n<script type=\"application\/ld+json\" class=\"yoast-schema-graph\">{\"@context\":\"https:\\\/\\\/schema.org\",\"@graph\":[{\"@type\":\"WebPage\",\"@id\":\"https:\\\/\\\/www.wenxt.com\\\/index.php\\\/fr\\\/a-propos-de\\\/clients\\\/\",\"url\":\"https:\\\/\\\/www.wenxt.com\\\/index.php\\\/fr\\\/a-propos-de\\\/clients\\\/\",\"name\":\"Clients - We::NXT consulting - R\u00e9f\u00e9rences Clients de WE::NXT\",\"isPartOf\":{\"@id\":\"https:\\\/\\\/www.wenxt.com\\\/#website\"},\"primaryImageOfPage\":{\"@id\":\"https:\\\/\\\/www.wenxt.com\\\/index.php\\\/fr\\\/a-propos-de\\\/clients\\\/#primaryimage\"},\"image\":{\"@id\":\"https:\\\/\\\/www.wenxt.com\\\/index.php\\\/fr\\\/a-propos-de\\\/clients\\\/#primaryimage\"},\"thumbnailUrl\":\"https:\\\/\\\/www.wenxt.com\\\/wp-content\\\/uploads\\\/2019\\\/01\\\/01.-SYSNAV-logo.png\",\"datePublished\":\"2019-01-05T19:03:09+00:00\",\"dateModified\":\"2019-06-25T10:01:44+00:00\",\"description\":\"Principaux Clients et R\u00e9f\u00e9rences de WE::NXT.\",\"breadcrumb\":{\"@id\":\"https:\\\/\\\/www.wenxt.com\\\/index.php\\\/fr\\\/a-propos-de\\\/clients\\\/#breadcrumb\"},\"inLanguage\":\"fr-FR\",\"potentialAction\":[{\"@type\":\"ReadAction\",\"target\":[\"https:\\\/\\\/www.wenxt.com\\\/index.php\\\/fr\\\/a-propos-de\\\/clients\\\/\"]}]},{\"@type\":\"ImageObject\",\"inLanguage\":\"fr-FR\",\"@id\":\"https:\\\/\\\/www.wenxt.com\\\/index.php\\\/fr\\\/a-propos-de\\\/clients\\\/#primaryimage\",\"url\":\"https:\\\/\\\/www.wenxt.com\\\/wp-content\\\/uploads\\\/2019\\\/01\\\/01.-SYSNAV-logo.png\",\"contentUrl\":\"https:\\\/\\\/www.wenxt.com\\\/wp-content\\\/uploads\\\/2019\\\/01\\\/01.-SYSNAV-logo.png\",\"width\":458,\"height\":182,\"caption\":\"SYSNAV\"},{\"@type\":\"BreadcrumbList\",\"@id\":\"https:\\\/\\\/www.wenxt.com\\\/index.php\\\/fr\\\/a-propos-de\\\/clients\\\/#breadcrumb\",\"itemListElement\":[{\"@type\":\"ListItem\",\"position\":1,\"name\":\"Home\",\"item\":\"https:\\\/\\\/www.wenxt.com\\\/\"},{\"@type\":\"ListItem\",\"position\":2,\"name\":\"\u00e0 Propos de We::NXT\",\"item\":\"https:\\\/\\\/www.wenxt.com\\\/index.php\\\/fr\\\/a-propos-de\\\/\"},{\"@type\":\"ListItem\",\"position\":3,\"name\":\"Clients\"}]},{\"@type\":\"WebSite\",\"@id\":\"https:\\\/\\\/www.wenxt.com\\\/#website\",\"url\":\"https:\\\/\\\/www.wenxt.com\\\/\",\"name\":\"We::NXT consulting\",\"description\":\"Go-To-Market and Sales Acceleration\",\"publisher\":{\"@id\":\"https:\\\/\\\/www.wenxt.com\\\/#organization\"},\"potentialAction\":[{\"@type\":\"SearchAction\",\"target\":{\"@type\":\"EntryPoint\",\"urlTemplate\":\"https:\\\/\\\/www.wenxt.com\\\/?s={search_term_string}\"},\"query-input\":{\"@type\":\"PropertyValueSpecification\",\"valueRequired\":true,\"valueName\":\"search_term_string\"}}],\"inLanguage\":\"fr-FR\"},{\"@type\":\"Organization\",\"@id\":\"https:\\\/\\\/www.wenxt.com\\\/#organization\",\"name\":\"WE::NXT\",\"url\":\"https:\\\/\\\/www.wenxt.com\\\/\",\"logo\":{\"@type\":\"ImageObject\",\"inLanguage\":\"fr-FR\",\"@id\":\"https:\\\/\\\/www.wenxt.com\\\/#\\\/schema\\\/logo\\\/image\\\/\",\"url\":\"https:\\\/\\\/www.wenxt.com\\\/wp-content\\\/uploads\\\/2026\\\/01\\\/WENXT-long-zoom-10pct-png.png\",\"contentUrl\":\"https:\\\/\\\/www.wenxt.com\\\/wp-content\\\/uploads\\\/2026\\\/01\\\/WENXT-long-zoom-10pct-png.png\",\"width\":1041,\"height\":244,\"caption\":\"WE::NXT\"},\"image\":{\"@id\":\"https:\\\/\\\/www.wenxt.com\\\/#\\\/schema\\\/logo\\\/image\\\/\"}}]}<\/script>\n<!-- \/ Yoast SEO plugin. -->","yoast_head_json":{"title":"Clients - We::NXT consulting - R\u00e9f\u00e9rences Clients de WE::NXT","description":"Principaux Clients et R\u00e9f\u00e9rences de WE::NXT.","robots":{"index":"index","follow":"follow","max-snippet":"max-snippet:-1","max-image-preview":"max-image-preview:large","max-video-preview":"max-video-preview:-1"},"canonical":"https:\/\/www.wenxt.com\/index.php\/fr\/a-propos-de\/clients\/","og_locale":"fr_FR","og_type":"article","og_title":"Clients - We::NXT consulting - R\u00e9f\u00e9rences Clients de WE::NXT","og_description":"Principaux Clients et R\u00e9f\u00e9rences de WE::NXT.","og_url":"https:\/\/www.wenxt.com\/index.php\/fr\/a-propos-de\/clients\/","og_site_name":"We::NXT consulting","article_modified_time":"2019-06-25T10:01:44+00:00","og_image":[{"url":"https:\/\/www.wenxt.com\/wp-content\/uploads\/2019\/01\/01.-SYSNAV-logo.png","type":"","width":"","height":""}],"twitter_card":"summary_large_image","twitter_misc":{"Dur\u00e9e de lecture estim\u00e9e":"1 minute"},"schema":{"@context":"https:\/\/schema.org","@graph":[{"@type":"WebPage","@id":"https:\/\/www.wenxt.com\/index.php\/fr\/a-propos-de\/clients\/","url":"https:\/\/www.wenxt.com\/index.php\/fr\/a-propos-de\/clients\/","name":"Clients - We::NXT consulting - R\u00e9f\u00e9rences Clients de WE::NXT","isPartOf":{"@id":"https:\/\/www.wenxt.com\/#website"},"primaryImageOfPage":{"@id":"https:\/\/www.wenxt.com\/index.php\/fr\/a-propos-de\/clients\/#primaryimage"},"image":{"@id":"https:\/\/www.wenxt.com\/index.php\/fr\/a-propos-de\/clients\/#primaryimage"},"thumbnailUrl":"https:\/\/www.wenxt.com\/wp-content\/uploads\/2019\/01\/01.-SYSNAV-logo.png","datePublished":"2019-01-05T19:03:09+00:00","dateModified":"2019-06-25T10:01:44+00:00","description":"Principaux Clients et R\u00e9f\u00e9rences de WE::NXT.","breadcrumb":{"@id":"https:\/\/www.wenxt.com\/index.php\/fr\/a-propos-de\/clients\/#breadcrumb"},"inLanguage":"fr-FR","potentialAction":[{"@type":"ReadAction","target":["https:\/\/www.wenxt.com\/index.php\/fr\/a-propos-de\/clients\/"]}]},{"@type":"ImageObject","inLanguage":"fr-FR","@id":"https:\/\/www.wenxt.com\/index.php\/fr\/a-propos-de\/clients\/#primaryimage","url":"https:\/\/www.wenxt.com\/wp-content\/uploads\/2019\/01\/01.-SYSNAV-logo.png","contentUrl":"https:\/\/www.wenxt.com\/wp-content\/uploads\/2019\/01\/01.-SYSNAV-logo.png","width":458,"height":182,"caption":"SYSNAV"},{"@type":"BreadcrumbList","@id":"https:\/\/www.wenxt.com\/index.php\/fr\/a-propos-de\/clients\/#breadcrumb","itemListElement":[{"@type":"ListItem","position":1,"name":"Home","item":"https:\/\/www.wenxt.com\/"},{"@type":"ListItem","position":2,"name":"\u00e0 Propos de We::NXT","item":"https:\/\/www.wenxt.com\/index.php\/fr\/a-propos-de\/"},{"@type":"ListItem","position":3,"name":"Clients"}]},{"@type":"WebSite","@id":"https:\/\/www.wenxt.com\/#website","url":"https:\/\/www.wenxt.com\/","name":"We::NXT consulting","description":"Go-To-Market and Sales Acceleration","publisher":{"@id":"https:\/\/www.wenxt.com\/#organization"},"potentialAction":[{"@type":"SearchAction","target":{"@type":"EntryPoint","urlTemplate":"https:\/\/www.wenxt.com\/?s={search_term_string}"},"query-input":{"@type":"PropertyValueSpecification","valueRequired":true,"valueName":"search_term_string"}}],"inLanguage":"fr-FR"},{"@type":"Organization","@id":"https:\/\/www.wenxt.com\/#organization","name":"WE::NXT","url":"https:\/\/www.wenxt.com\/","logo":{"@type":"ImageObject","inLanguage":"fr-FR","@id":"https:\/\/www.wenxt.com\/#\/schema\/logo\/image\/","url":"https:\/\/www.wenxt.com\/wp-content\/uploads\/2026\/01\/WENXT-long-zoom-10pct-png.png","contentUrl":"https:\/\/www.wenxt.com\/wp-content\/uploads\/2026\/01\/WENXT-long-zoom-10pct-png.png","width":1041,"height":244,"caption":"WE::NXT"},"image":{"@id":"https:\/\/www.wenxt.com\/#\/schema\/logo\/image\/"}}]}},"_links":{"self":[{"href":"https:\/\/www.wenxt.com\/index.php\/wp-json\/wp\/v2\/pages\/1062","targetHints":{"allow":["GET"]}}],"collection":[{"href":"https:\/\/www.wenxt.com\/index.php\/wp-json\/wp\/v2\/pages"}],"about":[{"href":"https:\/\/www.wenxt.com\/index.php\/wp-json\/wp\/v2\/types\/page"}],"author":[{"embeddable":true,"href":"https:\/\/www.wenxt.com\/index.php\/wp-json\/wp\/v2\/users\/1"}],"replies":[{"embeddable":true,"href":"https:\/\/www.wenxt.com\/index.php\/wp-json\/wp\/v2\/comments?post=1062"}],"version-history":[{"count":0,"href":"https:\/\/www.wenxt.com\/index.php\/wp-json\/wp\/v2\/pages\/1062\/revisions"}],"up":[{"embeddable":true,"href":"https:\/\/www.wenxt.com\/index.php\/wp-json\/wp\/v2\/pages\/1065"}],"wp:attachment":[{"href":"https:\/\/www.wenxt.com\/index.php\/wp-json\/wp\/v2\/media?parent=1062"}],"curies":[{"name":"wp","href":"https:\/\/api.w.org\/{rel}","templated":true}]}}