{"id":1086,"date":"2019-01-06T15:51:10","date_gmt":"2019-01-06T14:51:10","guid":{"rendered":"https:\/\/www.wenxt.com\/?page_id=1086"},"modified":"2019-01-06T18:17:49","modified_gmt":"2019-01-06T17:17:49","slug":"audit","status":"publish","type":"page","link":"https:\/\/www.wenxt.com\/index.php\/fr\/acceleration-commerciale\/audit\/","title":{"rendered":"Audit de Croissance"},"content":{"rendered":"\n<p><img loading=\"lazy\" decoding=\"async\" width=\"300\" height=\"200\" class=\" wp-image-744 alignleft\" alt=\"\" src=\"https:\/\/www.wenxt.com\/wp-content\/uploads\/2018\/12\/shutterstock_671709127-300x200.jpg\" srcset=\"https:\/\/www.wenxt.com\/wp-content\/uploads\/2018\/12\/shutterstock_671709127-300x200.jpg 300w, https:\/\/www.wenxt.com\/wp-content\/uploads\/2018\/12\/shutterstock_671709127.jpg 500w\" sizes=\"auto, (max-width: 300px) 100vw, 300px\" \/><\/p>\n<h2><strong>Les 7 Etapes pour auditer vos Capacit\u00e9s de Croissance<\/strong><\/h2>\n<h4> <span style=\"color: #ce1b00;\"><strong>we::nXt<\/strong><\/span> peut aider les soci\u00e9t\u00e9s High-Tech \u00e0 faire l&rsquo;\u00e9tat de leurs revenus et de leurs Capacit\u00e9s de Croissance par un Audit en 7 \u00e9tapes:<\/h4>\n<ul>\n<li><strong>Etape 1: Objectifs d&rsquo;Entreprise<\/strong>\n<ul>\n<li>Auditer la clart\u00e9 de d\u00e9finition par votre Entreprise des vrais leviers de Croissance des Revenus.<\/li>\n<\/ul>\n<\/li>\n<li><strong>Etape 2: March\u00e9s<\/strong>\n<ul>\n<li>Auditer la clart\u00e9 de d\u00e9finition par votre Entreprise des march\u00e9s sur lesquels vous vous positionnez, et les march\u00e9s dont vous vous abstenez.<\/li>\n<\/ul>\n<\/li>\n<li><strong>Etape 3: Produits<\/strong>\n<ul>\n<li>Auditer la clart\u00e9 de d\u00e9finition de vos bin\u00f4mes produits\/march\u00e9s. Auditer la pertinence de vos propositions de valeur. Auditer votre pricing, vos business models, votre packaging, vos Termes &amp; Conditions.<\/li>\n<\/ul>\n<\/li>\n<li><strong>Etape 4: Concurrents<\/strong>\n<ul>\n<li>Auditer avec quelle pr\u00e9cision vous avez identifi\u00e9 vos concurrents, et comment vous pr\u00e9voyez de vous diff\u00e9rencier et de gagner.<\/li>\n<\/ul>\n<\/li>\n<li><strong>Etape 5: Go-To-Market<\/strong>\n<ul>\n<li>Auditer comment vous couvrez vos march\u00e9s. Auditer le choix et l&rsquo;optimisation de vos canaux de distribution.<\/li>\n<\/ul>\n<\/li>\n<li><strong>Etape 6: Talents &amp; Capacit\u00e9s<\/strong>\n<ul>\n<li>Auditer la fa\u00e7on dont les savoir-faire et les capacit\u00e9s de vos \u00e9quipes commerciales correspondent aux objectifs et aux besoins de votre strat\u00e9gie d&rsquo;entreprise.<\/li>\n<\/ul>\n<\/li>\n<li><strong>Step 7: M\u00e9thodes Commerciales &amp; Processus et Outils de Gestion des Ventes<\/strong>\n<ul>\n<li>Auditer la fa\u00e7on dont les m\u00e9thodes de vente, les processus et les outils commerciaux sont d\u00e9ploy\u00e9s au sein des \u00e9quipes commerciales pour permettre une ex\u00e9cution commerciale sans faille.<\/li>\n<\/ul>\n<\/li>\n<\/ul>\n","protected":false},"excerpt":{"rendered":"<p>Les 7 Etapes pour auditer vos Capacit\u00e9s de Croissance we::nXt peut aider les soci\u00e9t\u00e9s High-Tech \u00e0 faire l&rsquo;\u00e9tat de leurs revenus et de leurs Capacit\u00e9s de Croissance par un Audit en 7 \u00e9tapes: Etape 1: Objectifs d&rsquo;Entreprise Auditer la clart\u00e9 de d\u00e9finition par votre Entreprise des vrais leviers de Croissance des Revenus. Etape 2: March\u00e9s<\/p><\/div>\n<div class=\"blog-btn\"><a href=\"https:\/\/www.wenxt.com\/index.php\/fr\/acceleration-commerciale\/audit\/\" class=\"home-blog-btn\">Lire la suite<\/a><\/p>\n","protected":false},"author":1,"featured_media":744,"parent":1051,"menu_order":301,"comment_status":"closed","ping_status":"closed","template":"template\/template-contact.php","meta":{"content-type":"","footnotes":""},"class_list":["post-1086","page","type-page","status-publish","has-post-thumbnail","hentry"],"yoast_head":"<!-- This site is optimized with the Yoast SEO plugin v27.5 - https:\/\/yoast.com\/product\/yoast-seo-wordpress\/ -->\n<title>Audit de Croissance - We::NXT consulting - Services Audit de Croissance<\/title>\n<meta name=\"description\" content=\"WE::NXT peut aider les soci\u00e9t\u00e9s High-Tech \u00e0 faire l&#039;\u00e9tat de leurs revenus et de leurs Capacit\u00e9s de Croissance par un Audit en 7 \u00e9tapes.\" \/>\n<meta name=\"robots\" content=\"index, follow, max-snippet:-1, max-image-preview:large, max-video-preview:-1\" \/>\n<link rel=\"canonical\" href=\"https:\/\/www.wenxt.com\/index.php\/fr\/acceleration-commerciale\/audit\/\" \/>\n<meta property=\"og:locale\" content=\"fr_FR\" \/>\n<meta property=\"og:type\" content=\"article\" \/>\n<meta property=\"og:title\" content=\"Audit de Croissance - We::NXT consulting - Services Audit de Croissance\" \/>\n<meta property=\"og:description\" content=\"WE::NXT peut aider les soci\u00e9t\u00e9s High-Tech \u00e0 faire l&#039;\u00e9tat de leurs revenus et de leurs Capacit\u00e9s de Croissance par un Audit en 7 \u00e9tapes.\" \/>\n<meta property=\"og:url\" content=\"https:\/\/www.wenxt.com\/index.php\/fr\/acceleration-commerciale\/audit\/\" \/>\n<meta property=\"og:site_name\" content=\"We::NXT consulting\" \/>\n<meta property=\"article:modified_time\" content=\"2019-01-06T17:17:49+00:00\" \/>\n<meta property=\"og:image\" content=\"https:\/\/www.wenxt.com\/wp-content\/uploads\/2018\/12\/shutterstock_671709127.jpg\" \/>\n\t<meta property=\"og:image:width\" content=\"500\" \/>\n\t<meta property=\"og:image:height\" content=\"334\" \/>\n\t<meta property=\"og:image:type\" content=\"image\/jpeg\" \/>\n<meta name=\"twitter:card\" content=\"summary_large_image\" \/>\n<meta name=\"twitter:label1\" content=\"Dur\u00e9e de lecture estim\u00e9e\" \/>\n\t<meta name=\"twitter:data1\" content=\"1 minute\" \/>\n<script type=\"application\/ld+json\" class=\"yoast-schema-graph\">{\"@context\":\"https:\\\/\\\/schema.org\",\"@graph\":[{\"@type\":\"WebPage\",\"@id\":\"https:\\\/\\\/www.wenxt.com\\\/index.php\\\/fr\\\/acceleration-commerciale\\\/audit\\\/\",\"url\":\"https:\\\/\\\/www.wenxt.com\\\/index.php\\\/fr\\\/acceleration-commerciale\\\/audit\\\/\",\"name\":\"Audit de Croissance - We::NXT consulting - Services Audit de Croissance\",\"isPartOf\":{\"@id\":\"https:\\\/\\\/www.wenxt.com\\\/#website\"},\"primaryImageOfPage\":{\"@id\":\"https:\\\/\\\/www.wenxt.com\\\/index.php\\\/fr\\\/acceleration-commerciale\\\/audit\\\/#primaryimage\"},\"image\":{\"@id\":\"https:\\\/\\\/www.wenxt.com\\\/index.php\\\/fr\\\/acceleration-commerciale\\\/audit\\\/#primaryimage\"},\"thumbnailUrl\":\"https:\\\/\\\/www.wenxt.com\\\/wp-content\\\/uploads\\\/2018\\\/12\\\/shutterstock_671709127.jpg\",\"datePublished\":\"2019-01-06T14:51:10+00:00\",\"dateModified\":\"2019-01-06T17:17:49+00:00\",\"description\":\"WE::NXT peut aider les soci\u00e9t\u00e9s High-Tech \u00e0 faire l'\u00e9tat de leurs revenus et de leurs Capacit\u00e9s de Croissance par un Audit en 7 \u00e9tapes.\",\"breadcrumb\":{\"@id\":\"https:\\\/\\\/www.wenxt.com\\\/index.php\\\/fr\\\/acceleration-commerciale\\\/audit\\\/#breadcrumb\"},\"inLanguage\":\"fr-FR\",\"potentialAction\":[{\"@type\":\"ReadAction\",\"target\":[\"https:\\\/\\\/www.wenxt.com\\\/index.php\\\/fr\\\/acceleration-commerciale\\\/audit\\\/\"]}]},{\"@type\":\"ImageObject\",\"inLanguage\":\"fr-FR\",\"@id\":\"https:\\\/\\\/www.wenxt.com\\\/index.php\\\/fr\\\/acceleration-commerciale\\\/audit\\\/#primaryimage\",\"url\":\"https:\\\/\\\/www.wenxt.com\\\/wp-content\\\/uploads\\\/2018\\\/12\\\/shutterstock_671709127.jpg\",\"contentUrl\":\"https:\\\/\\\/www.wenxt.com\\\/wp-content\\\/uploads\\\/2018\\\/12\\\/shutterstock_671709127.jpg\",\"width\":500,\"height\":334,\"caption\":\"Growth Assessment\"},{\"@type\":\"BreadcrumbList\",\"@id\":\"https:\\\/\\\/www.wenxt.com\\\/index.php\\\/fr\\\/acceleration-commerciale\\\/audit\\\/#breadcrumb\",\"itemListElement\":[{\"@type\":\"ListItem\",\"position\":1,\"name\":\"Home\",\"item\":\"https:\\\/\\\/www.wenxt.com\\\/\"},{\"@type\":\"ListItem\",\"position\":2,\"name\":\"Acc\u00e9l\u00e9ration Commerciale\",\"item\":\"https:\\\/\\\/www.wenxt.com\\\/index.php\\\/fr\\\/acceleration-commerciale\\\/\"},{\"@type\":\"ListItem\",\"position\":3,\"name\":\"Audit de Croissance\"}]},{\"@type\":\"WebSite\",\"@id\":\"https:\\\/\\\/www.wenxt.com\\\/#website\",\"url\":\"https:\\\/\\\/www.wenxt.com\\\/\",\"name\":\"We::NXT consulting\",\"description\":\"Go-To-Market and Sales Acceleration\",\"publisher\":{\"@id\":\"https:\\\/\\\/www.wenxt.com\\\/#organization\"},\"potentialAction\":[{\"@type\":\"SearchAction\",\"target\":{\"@type\":\"EntryPoint\",\"urlTemplate\":\"https:\\\/\\\/www.wenxt.com\\\/?s={search_term_string}\"},\"query-input\":{\"@type\":\"PropertyValueSpecification\",\"valueRequired\":true,\"valueName\":\"search_term_string\"}}],\"inLanguage\":\"fr-FR\"},{\"@type\":\"Organization\",\"@id\":\"https:\\\/\\\/www.wenxt.com\\\/#organization\",\"name\":\"WE::NXT\",\"url\":\"https:\\\/\\\/www.wenxt.com\\\/\",\"logo\":{\"@type\":\"ImageObject\",\"inLanguage\":\"fr-FR\",\"@id\":\"https:\\\/\\\/www.wenxt.com\\\/#\\\/schema\\\/logo\\\/image\\\/\",\"url\":\"https:\\\/\\\/www.wenxt.com\\\/wp-content\\\/uploads\\\/2026\\\/01\\\/WENXT-long-zoom-10pct-png.png\",\"contentUrl\":\"https:\\\/\\\/www.wenxt.com\\\/wp-content\\\/uploads\\\/2026\\\/01\\\/WENXT-long-zoom-10pct-png.png\",\"width\":1041,\"height\":244,\"caption\":\"WE::NXT\"},\"image\":{\"@id\":\"https:\\\/\\\/www.wenxt.com\\\/#\\\/schema\\\/logo\\\/image\\\/\"}}]}<\/script>\n<!-- \/ Yoast SEO plugin. -->","yoast_head_json":{"title":"Audit de Croissance - We::NXT consulting - Services Audit de Croissance","description":"WE::NXT peut aider les soci\u00e9t\u00e9s High-Tech \u00e0 faire l'\u00e9tat de leurs revenus et de leurs Capacit\u00e9s de Croissance par un Audit en 7 \u00e9tapes.","robots":{"index":"index","follow":"follow","max-snippet":"max-snippet:-1","max-image-preview":"max-image-preview:large","max-video-preview":"max-video-preview:-1"},"canonical":"https:\/\/www.wenxt.com\/index.php\/fr\/acceleration-commerciale\/audit\/","og_locale":"fr_FR","og_type":"article","og_title":"Audit de Croissance - We::NXT consulting - Services Audit de Croissance","og_description":"WE::NXT peut aider les soci\u00e9t\u00e9s High-Tech \u00e0 faire l'\u00e9tat de leurs revenus et de leurs Capacit\u00e9s de Croissance par un Audit en 7 \u00e9tapes.","og_url":"https:\/\/www.wenxt.com\/index.php\/fr\/acceleration-commerciale\/audit\/","og_site_name":"We::NXT consulting","article_modified_time":"2019-01-06T17:17:49+00:00","og_image":[{"width":500,"height":334,"url":"https:\/\/www.wenxt.com\/wp-content\/uploads\/2018\/12\/shutterstock_671709127.jpg","type":"image\/jpeg"}],"twitter_card":"summary_large_image","twitter_misc":{"Dur\u00e9e de lecture estim\u00e9e":"1 minute"},"schema":{"@context":"https:\/\/schema.org","@graph":[{"@type":"WebPage","@id":"https:\/\/www.wenxt.com\/index.php\/fr\/acceleration-commerciale\/audit\/","url":"https:\/\/www.wenxt.com\/index.php\/fr\/acceleration-commerciale\/audit\/","name":"Audit de Croissance - We::NXT consulting - Services Audit de Croissance","isPartOf":{"@id":"https:\/\/www.wenxt.com\/#website"},"primaryImageOfPage":{"@id":"https:\/\/www.wenxt.com\/index.php\/fr\/acceleration-commerciale\/audit\/#primaryimage"},"image":{"@id":"https:\/\/www.wenxt.com\/index.php\/fr\/acceleration-commerciale\/audit\/#primaryimage"},"thumbnailUrl":"https:\/\/www.wenxt.com\/wp-content\/uploads\/2018\/12\/shutterstock_671709127.jpg","datePublished":"2019-01-06T14:51:10+00:00","dateModified":"2019-01-06T17:17:49+00:00","description":"WE::NXT peut aider les soci\u00e9t\u00e9s High-Tech \u00e0 faire l'\u00e9tat de leurs revenus et de leurs Capacit\u00e9s de Croissance par un Audit en 7 \u00e9tapes.","breadcrumb":{"@id":"https:\/\/www.wenxt.com\/index.php\/fr\/acceleration-commerciale\/audit\/#breadcrumb"},"inLanguage":"fr-FR","potentialAction":[{"@type":"ReadAction","target":["https:\/\/www.wenxt.com\/index.php\/fr\/acceleration-commerciale\/audit\/"]}]},{"@type":"ImageObject","inLanguage":"fr-FR","@id":"https:\/\/www.wenxt.com\/index.php\/fr\/acceleration-commerciale\/audit\/#primaryimage","url":"https:\/\/www.wenxt.com\/wp-content\/uploads\/2018\/12\/shutterstock_671709127.jpg","contentUrl":"https:\/\/www.wenxt.com\/wp-content\/uploads\/2018\/12\/shutterstock_671709127.jpg","width":500,"height":334,"caption":"Growth Assessment"},{"@type":"BreadcrumbList","@id":"https:\/\/www.wenxt.com\/index.php\/fr\/acceleration-commerciale\/audit\/#breadcrumb","itemListElement":[{"@type":"ListItem","position":1,"name":"Home","item":"https:\/\/www.wenxt.com\/"},{"@type":"ListItem","position":2,"name":"Acc\u00e9l\u00e9ration Commerciale","item":"https:\/\/www.wenxt.com\/index.php\/fr\/acceleration-commerciale\/"},{"@type":"ListItem","position":3,"name":"Audit de Croissance"}]},{"@type":"WebSite","@id":"https:\/\/www.wenxt.com\/#website","url":"https:\/\/www.wenxt.com\/","name":"We::NXT consulting","description":"Go-To-Market and Sales Acceleration","publisher":{"@id":"https:\/\/www.wenxt.com\/#organization"},"potentialAction":[{"@type":"SearchAction","target":{"@type":"EntryPoint","urlTemplate":"https:\/\/www.wenxt.com\/?s={search_term_string}"},"query-input":{"@type":"PropertyValueSpecification","valueRequired":true,"valueName":"search_term_string"}}],"inLanguage":"fr-FR"},{"@type":"Organization","@id":"https:\/\/www.wenxt.com\/#organization","name":"WE::NXT","url":"https:\/\/www.wenxt.com\/","logo":{"@type":"ImageObject","inLanguage":"fr-FR","@id":"https:\/\/www.wenxt.com\/#\/schema\/logo\/image\/","url":"https:\/\/www.wenxt.com\/wp-content\/uploads\/2026\/01\/WENXT-long-zoom-10pct-png.png","contentUrl":"https:\/\/www.wenxt.com\/wp-content\/uploads\/2026\/01\/WENXT-long-zoom-10pct-png.png","width":1041,"height":244,"caption":"WE::NXT"},"image":{"@id":"https:\/\/www.wenxt.com\/#\/schema\/logo\/image\/"}}]}},"_links":{"self":[{"href":"https:\/\/www.wenxt.com\/index.php\/wp-json\/wp\/v2\/pages\/1086","targetHints":{"allow":["GET"]}}],"collection":[{"href":"https:\/\/www.wenxt.com\/index.php\/wp-json\/wp\/v2\/pages"}],"about":[{"href":"https:\/\/www.wenxt.com\/index.php\/wp-json\/wp\/v2\/types\/page"}],"author":[{"embeddable":true,"href":"https:\/\/www.wenxt.com\/index.php\/wp-json\/wp\/v2\/users\/1"}],"replies":[{"embeddable":true,"href":"https:\/\/www.wenxt.com\/index.php\/wp-json\/wp\/v2\/comments?post=1086"}],"version-history":[{"count":0,"href":"https:\/\/www.wenxt.com\/index.php\/wp-json\/wp\/v2\/pages\/1086\/revisions"}],"up":[{"embeddable":true,"href":"https:\/\/www.wenxt.com\/index.php\/wp-json\/wp\/v2\/pages\/1051"}],"wp:featuredmedia":[{"embeddable":true,"href":"https:\/\/www.wenxt.com\/index.php\/wp-json\/wp\/v2\/media\/744"}],"wp:attachment":[{"href":"https:\/\/www.wenxt.com\/index.php\/wp-json\/wp\/v2\/media?parent=1086"}],"curies":[{"name":"wp","href":"https:\/\/api.w.org\/{rel}","templated":true}]}}