{"id":1426,"date":"2018-06-30T04:33:12","date_gmt":"2018-06-30T03:33:12","guid":{"rendered":"https:\/\/www.wenxt.com\/?page_id=1426"},"modified":"2019-06-25T14:42:04","modified_gmt":"2019-06-25T13:42:04","slug":"management-des-ventes","status":"publish","type":"page","link":"https:\/\/www.wenxt.com\/index.php\/fr\/acceleration-commerciale\/management-des-ventes\/","title":{"rendered":"Management des Ventes"},"content":{"rendered":"<div class=\"col-md-6 col-sm-6 col-xs-12\">\n<div class=\"about-img-area wow fadeInDown animated animated animated animated animated\" style=\"visibility: visible; animation-delay: 0.4s; animation-name: fadeInDown;\" data-wow-delay=\"0.4s\"><img decoding=\"async\" class=\"img-responsive\" alt=\"Image\" src=\"https:\/\/wenxt.com\/wp-content\/uploads\/2018\/06\/shutterstock_547734928.jpg\"><\/div>\n<\/div>\n<div class=\"col-md-6 col-sm-6 col-xs-12 wow fadeInDown animated animated animated animated animated\" style=\"visibility: visible; animation-delay: 0.4s; animation-name: fadeInDown;\" data-wow-delay=\"0.4s\">\n<h2>Elevez votre <span style=\"color: #ce1b00;\"><strong>Management des Ventes<\/strong><\/span> au PROCHAIN niveau.<\/h2>\n<p><span style=\"color: #ce1b00;\"><strong>We::NXT<\/strong><\/span> peut vous aider \u00e0 d\u00e9finir et \u00e0 impl\u00e9menter les meilleures pratiques en mati\u00e8re de <strong>Management des Ventes<\/strong> au sein de votre Soci\u00e9t\u00e9, vous aidant ainsi \u00e0 parfaire votre discipline commerciale et votre efficacit\u00e9 :<\/p>\n<p>Fixation d&rsquo;Objectifs Commerciaux | Plans d&rsquo;Orientation d&rsquo;Activit\u00e9 Commerciale | Revues d&rsquo;Activit\u00e9 Commerciale | Coaching des Vendeurs | Plans de Commissionnement| Programmes de Motivation et Concours Commerciaux | Programmes de Reconnaissance Individuelle.<\/p>\n<\/div>\n<p>&nbsp;<\/p>\n<p><span style=\"color: #ce1b00;\"><strong>(c) We::NXT 2018<\/strong><\/span> &#8211; all rights reserved<\/p>\n","protected":false},"excerpt":{"rendered":"<p>Elevez votre Management des Ventes au PROCHAIN niveau. We::NXT peut vous aider \u00e0 d\u00e9finir et \u00e0 impl\u00e9menter les meilleures pratiques en mati\u00e8re de Management des Ventes au sein de votre Soci\u00e9t\u00e9, vous aidant ainsi \u00e0 parfaire votre discipline commerciale et votre efficacit\u00e9 : Fixation d&rsquo;Objectifs Commerciaux | Plans d&rsquo;Orientation d&rsquo;Activit\u00e9 Commerciale | Revues d&rsquo;Activit\u00e9 Commerciale<\/p><\/div>\n<div class=\"blog-btn\"><a href=\"https:\/\/www.wenxt.com\/index.php\/fr\/acceleration-commerciale\/management-des-ventes\/\" class=\"home-blog-btn\">Lire la suite<\/a><\/p>\n","protected":false},"author":1,"featured_media":0,"parent":1051,"menu_order":321,"comment_status":"closed","ping_status":"closed","template":"template\/template-page-full-width.php","meta":{"content-type":"","footnotes":""},"class_list":["post-1426","page","type-page","status-publish","hentry"],"yoast_head":"<!-- This site is optimized with the Yoast SEO plugin v27.5 - https:\/\/yoast.com\/product\/yoast-seo-wordpress\/ -->\n<title>Management des Ventes - We::NXT consulting -<\/title>\n<meta name=\"description\" content=\"Sales Management | Goal Setting | Activity Plans | Activity Reviews | Sales Rep Coaching | Compensation Plans | Incentive Programs | Recognition Programs\" \/>\n<meta name=\"robots\" content=\"index, follow, max-snippet:-1, max-image-preview:large, max-video-preview:-1\" \/>\n<link rel=\"canonical\" href=\"https:\/\/www.wenxt.com\/index.php\/fr\/acceleration-commerciale\/management-des-ventes\/\" \/>\n<meta property=\"og:locale\" content=\"fr_FR\" \/>\n<meta property=\"og:type\" content=\"article\" \/>\n<meta property=\"og:title\" content=\"Management des Ventes - We::NXT consulting -\" \/>\n<meta property=\"og:description\" content=\"Sales Management | Goal Setting | Activity Plans | Activity Reviews | Sales Rep Coaching | Compensation Plans | Incentive Programs | Recognition Programs\" \/>\n<meta property=\"og:url\" content=\"https:\/\/www.wenxt.com\/index.php\/fr\/acceleration-commerciale\/management-des-ventes\/\" \/>\n<meta property=\"og:site_name\" content=\"We::NXT consulting\" \/>\n<meta property=\"article:modified_time\" content=\"2019-06-25T13:42:04+00:00\" \/>\n<meta property=\"og:image\" content=\"https:\/\/wenxt.com\/wp-content\/uploads\/2018\/06\/shutterstock_547734928.jpg\" \/>\n<meta name=\"twitter:card\" content=\"summary_large_image\" \/>\n<script type=\"application\/ld+json\" class=\"yoast-schema-graph\">{\"@context\":\"https:\\\/\\\/schema.org\",\"@graph\":[{\"@type\":\"WebPage\",\"@id\":\"https:\\\/\\\/www.wenxt.com\\\/index.php\\\/fr\\\/acceleration-commerciale\\\/management-des-ventes\\\/\",\"url\":\"https:\\\/\\\/www.wenxt.com\\\/index.php\\\/fr\\\/acceleration-commerciale\\\/management-des-ventes\\\/\",\"name\":\"Management des Ventes - We::NXT consulting -\",\"isPartOf\":{\"@id\":\"https:\\\/\\\/www.wenxt.com\\\/#website\"},\"primaryImageOfPage\":{\"@id\":\"https:\\\/\\\/www.wenxt.com\\\/index.php\\\/fr\\\/acceleration-commerciale\\\/management-des-ventes\\\/#primaryimage\"},\"image\":{\"@id\":\"https:\\\/\\\/www.wenxt.com\\\/index.php\\\/fr\\\/acceleration-commerciale\\\/management-des-ventes\\\/#primaryimage\"},\"thumbnailUrl\":\"https:\\\/\\\/wenxt.com\\\/wp-content\\\/uploads\\\/2018\\\/06\\\/shutterstock_547734928.jpg\",\"datePublished\":\"2018-06-30T03:33:12+00:00\",\"dateModified\":\"2019-06-25T13:42:04+00:00\",\"description\":\"Sales Management | Goal Setting | Activity Plans | Activity Reviews | Sales Rep Coaching | Compensation Plans | Incentive Programs | Recognition Programs\",\"breadcrumb\":{\"@id\":\"https:\\\/\\\/www.wenxt.com\\\/index.php\\\/fr\\\/acceleration-commerciale\\\/management-des-ventes\\\/#breadcrumb\"},\"inLanguage\":\"fr-FR\",\"potentialAction\":[{\"@type\":\"ReadAction\",\"target\":[\"https:\\\/\\\/www.wenxt.com\\\/index.php\\\/fr\\\/acceleration-commerciale\\\/management-des-ventes\\\/\"]}]},{\"@type\":\"ImageObject\",\"inLanguage\":\"fr-FR\",\"@id\":\"https:\\\/\\\/www.wenxt.com\\\/index.php\\\/fr\\\/acceleration-commerciale\\\/management-des-ventes\\\/#primaryimage\",\"url\":\"https:\\\/\\\/wenxt.com\\\/wp-content\\\/uploads\\\/2018\\\/06\\\/shutterstock_547734928.jpg\",\"contentUrl\":\"https:\\\/\\\/wenxt.com\\\/wp-content\\\/uploads\\\/2018\\\/06\\\/shutterstock_547734928.jpg\"},{\"@type\":\"BreadcrumbList\",\"@id\":\"https:\\\/\\\/www.wenxt.com\\\/index.php\\\/fr\\\/acceleration-commerciale\\\/management-des-ventes\\\/#breadcrumb\",\"itemListElement\":[{\"@type\":\"ListItem\",\"position\":1,\"name\":\"Home\",\"item\":\"https:\\\/\\\/www.wenxt.com\\\/\"},{\"@type\":\"ListItem\",\"position\":2,\"name\":\"Acc\u00e9l\u00e9ration Commerciale\",\"item\":\"https:\\\/\\\/www.wenxt.com\\\/index.php\\\/fr\\\/acceleration-commerciale\\\/\"},{\"@type\":\"ListItem\",\"position\":3,\"name\":\"Management des Ventes\"}]},{\"@type\":\"WebSite\",\"@id\":\"https:\\\/\\\/www.wenxt.com\\\/#website\",\"url\":\"https:\\\/\\\/www.wenxt.com\\\/\",\"name\":\"We::NXT consulting\",\"description\":\"Go-To-Market and Sales Acceleration\",\"publisher\":{\"@id\":\"https:\\\/\\\/www.wenxt.com\\\/#organization\"},\"potentialAction\":[{\"@type\":\"SearchAction\",\"target\":{\"@type\":\"EntryPoint\",\"urlTemplate\":\"https:\\\/\\\/www.wenxt.com\\\/?s={search_term_string}\"},\"query-input\":{\"@type\":\"PropertyValueSpecification\",\"valueRequired\":true,\"valueName\":\"search_term_string\"}}],\"inLanguage\":\"fr-FR\"},{\"@type\":\"Organization\",\"@id\":\"https:\\\/\\\/www.wenxt.com\\\/#organization\",\"name\":\"WE::NXT\",\"url\":\"https:\\\/\\\/www.wenxt.com\\\/\",\"logo\":{\"@type\":\"ImageObject\",\"inLanguage\":\"fr-FR\",\"@id\":\"https:\\\/\\\/www.wenxt.com\\\/#\\\/schema\\\/logo\\\/image\\\/\",\"url\":\"https:\\\/\\\/www.wenxt.com\\\/wp-content\\\/uploads\\\/2026\\\/01\\\/WENXT-long-zoom-10pct-png.png\",\"contentUrl\":\"https:\\\/\\\/www.wenxt.com\\\/wp-content\\\/uploads\\\/2026\\\/01\\\/WENXT-long-zoom-10pct-png.png\",\"width\":1041,\"height\":244,\"caption\":\"WE::NXT\"},\"image\":{\"@id\":\"https:\\\/\\\/www.wenxt.com\\\/#\\\/schema\\\/logo\\\/image\\\/\"}}]}<\/script>\n<!-- \/ Yoast SEO plugin. -->","yoast_head_json":{"title":"Management des Ventes - We::NXT consulting -","description":"Sales Management | Goal Setting | Activity Plans | Activity Reviews | Sales Rep Coaching | Compensation Plans | Incentive Programs | Recognition Programs","robots":{"index":"index","follow":"follow","max-snippet":"max-snippet:-1","max-image-preview":"max-image-preview:large","max-video-preview":"max-video-preview:-1"},"canonical":"https:\/\/www.wenxt.com\/index.php\/fr\/acceleration-commerciale\/management-des-ventes\/","og_locale":"fr_FR","og_type":"article","og_title":"Management des Ventes - We::NXT consulting -","og_description":"Sales Management | Goal Setting | Activity Plans | Activity Reviews | Sales Rep Coaching | Compensation Plans | Incentive Programs | Recognition Programs","og_url":"https:\/\/www.wenxt.com\/index.php\/fr\/acceleration-commerciale\/management-des-ventes\/","og_site_name":"We::NXT consulting","article_modified_time":"2019-06-25T13:42:04+00:00","og_image":[{"url":"https:\/\/wenxt.com\/wp-content\/uploads\/2018\/06\/shutterstock_547734928.jpg","type":"","width":"","height":""}],"twitter_card":"summary_large_image","schema":{"@context":"https:\/\/schema.org","@graph":[{"@type":"WebPage","@id":"https:\/\/www.wenxt.com\/index.php\/fr\/acceleration-commerciale\/management-des-ventes\/","url":"https:\/\/www.wenxt.com\/index.php\/fr\/acceleration-commerciale\/management-des-ventes\/","name":"Management des Ventes - We::NXT consulting -","isPartOf":{"@id":"https:\/\/www.wenxt.com\/#website"},"primaryImageOfPage":{"@id":"https:\/\/www.wenxt.com\/index.php\/fr\/acceleration-commerciale\/management-des-ventes\/#primaryimage"},"image":{"@id":"https:\/\/www.wenxt.com\/index.php\/fr\/acceleration-commerciale\/management-des-ventes\/#primaryimage"},"thumbnailUrl":"https:\/\/wenxt.com\/wp-content\/uploads\/2018\/06\/shutterstock_547734928.jpg","datePublished":"2018-06-30T03:33:12+00:00","dateModified":"2019-06-25T13:42:04+00:00","description":"Sales Management | Goal Setting | Activity Plans | Activity Reviews | Sales Rep Coaching | Compensation Plans | Incentive Programs | Recognition Programs","breadcrumb":{"@id":"https:\/\/www.wenxt.com\/index.php\/fr\/acceleration-commerciale\/management-des-ventes\/#breadcrumb"},"inLanguage":"fr-FR","potentialAction":[{"@type":"ReadAction","target":["https:\/\/www.wenxt.com\/index.php\/fr\/acceleration-commerciale\/management-des-ventes\/"]}]},{"@type":"ImageObject","inLanguage":"fr-FR","@id":"https:\/\/www.wenxt.com\/index.php\/fr\/acceleration-commerciale\/management-des-ventes\/#primaryimage","url":"https:\/\/wenxt.com\/wp-content\/uploads\/2018\/06\/shutterstock_547734928.jpg","contentUrl":"https:\/\/wenxt.com\/wp-content\/uploads\/2018\/06\/shutterstock_547734928.jpg"},{"@type":"BreadcrumbList","@id":"https:\/\/www.wenxt.com\/index.php\/fr\/acceleration-commerciale\/management-des-ventes\/#breadcrumb","itemListElement":[{"@type":"ListItem","position":1,"name":"Home","item":"https:\/\/www.wenxt.com\/"},{"@type":"ListItem","position":2,"name":"Acc\u00e9l\u00e9ration Commerciale","item":"https:\/\/www.wenxt.com\/index.php\/fr\/acceleration-commerciale\/"},{"@type":"ListItem","position":3,"name":"Management des Ventes"}]},{"@type":"WebSite","@id":"https:\/\/www.wenxt.com\/#website","url":"https:\/\/www.wenxt.com\/","name":"We::NXT consulting","description":"Go-To-Market and Sales Acceleration","publisher":{"@id":"https:\/\/www.wenxt.com\/#organization"},"potentialAction":[{"@type":"SearchAction","target":{"@type":"EntryPoint","urlTemplate":"https:\/\/www.wenxt.com\/?s={search_term_string}"},"query-input":{"@type":"PropertyValueSpecification","valueRequired":true,"valueName":"search_term_string"}}],"inLanguage":"fr-FR"},{"@type":"Organization","@id":"https:\/\/www.wenxt.com\/#organization","name":"WE::NXT","url":"https:\/\/www.wenxt.com\/","logo":{"@type":"ImageObject","inLanguage":"fr-FR","@id":"https:\/\/www.wenxt.com\/#\/schema\/logo\/image\/","url":"https:\/\/www.wenxt.com\/wp-content\/uploads\/2026\/01\/WENXT-long-zoom-10pct-png.png","contentUrl":"https:\/\/www.wenxt.com\/wp-content\/uploads\/2026\/01\/WENXT-long-zoom-10pct-png.png","width":1041,"height":244,"caption":"WE::NXT"},"image":{"@id":"https:\/\/www.wenxt.com\/#\/schema\/logo\/image\/"}}]}},"_links":{"self":[{"href":"https:\/\/www.wenxt.com\/index.php\/wp-json\/wp\/v2\/pages\/1426","targetHints":{"allow":["GET"]}}],"collection":[{"href":"https:\/\/www.wenxt.com\/index.php\/wp-json\/wp\/v2\/pages"}],"about":[{"href":"https:\/\/www.wenxt.com\/index.php\/wp-json\/wp\/v2\/types\/page"}],"author":[{"embeddable":true,"href":"https:\/\/www.wenxt.com\/index.php\/wp-json\/wp\/v2\/users\/1"}],"replies":[{"embeddable":true,"href":"https:\/\/www.wenxt.com\/index.php\/wp-json\/wp\/v2\/comments?post=1426"}],"version-history":[{"count":0,"href":"https:\/\/www.wenxt.com\/index.php\/wp-json\/wp\/v2\/pages\/1426\/revisions"}],"up":[{"embeddable":true,"href":"https:\/\/www.wenxt.com\/index.php\/wp-json\/wp\/v2\/pages\/1051"}],"wp:attachment":[{"href":"https:\/\/www.wenxt.com\/index.php\/wp-json\/wp\/v2\/media?parent=1426"}],"curies":[{"name":"wp","href":"https:\/\/api.w.org\/{rel}","templated":true}]}}