{"id":1444,"date":"2018-06-30T04:35:05","date_gmt":"2018-06-30T03:35:05","guid":{"rendered":"https:\/\/www.wenxt.com\/?page_id=1444"},"modified":"2019-06-25T15:35:03","modified_gmt":"2019-06-25T14:35:03","slug":"methodes-de-vente-et-formation","status":"publish","type":"page","link":"https:\/\/www.wenxt.com\/index.php\/fr\/acceleration-commerciale\/methodes-de-vente-et-formation\/","title":{"rendered":"M\u00e9thodes de Vente et Formation"},"content":{"rendered":"<div class=\"col-md-6 col-sm-6 col-xs-12\">\n<div class=\"about-img-area wow fadeInDown animated animated animated animated animated\" style=\"visibility: visible; animation-delay: 0.4s; animation-name: fadeInDown;\" data-wow-delay=\"0.4s\"><img decoding=\"async\" class=\"img-responsive\" src=\"https:\/\/wenxt.com\/wp-content\/uploads\/2018\/06\/shutterstock_548868595.jpg\" alt=\"Image\" \/><\/div>\n<\/div>\n<div class=\"col-md-6 col-sm-6 col-xs-12 wow fadeInDown animated animated animated animated animated\" style=\"visibility: visible; animation-delay: 0.4s; animation-name: fadeInDown;\" data-wow-delay=\"0.4s\">\n<h2>Elevez vos <span style=\"color: #ce1b00;\"><strong>M\u00e9thodes de Vente<\/strong><\/span> au PROCHAIN niveau.<\/h2>\n<p><span style=\"color: #ce1b00;\"><strong>We::NXT<\/strong><\/span> peut vous aider \u00e0 d\u00e9finir et impl\u00e9menter des <strong>M\u00e9thodes de Vente <\/strong> \u00e9prouv\u00e9es et des <strong>Formations Commerciales<\/strong> adapt\u00e9es pour votre Soci\u00e9t\u00e9, vous permettant ainsi de d\u00e9velopper les comp\u00e9tences de votre Organisation Commerciale et d&rsquo;en augmenter l&rsquo;efficacit\u00e9 et l&rsquo;impact :<\/p>\n<p>\u00c9tapes d&rsquo;Achat | \u00c9tapes de Ventes | Guides Commerciaux | Activation des Partenaires | Formation des Vendeurs | Audit des Comp\u00e9tences Commerciales.<\/p>\n<\/div>\n<p><span style=\"color: #ce1b00;\"><strong>(c) We::NXT 2018<\/strong><\/span> &#8211; all rights reserved<\/p>\n","protected":false},"excerpt":{"rendered":"<p>Elevez vos M\u00e9thodes de Vente au PROCHAIN niveau. We::NXT peut vous aider \u00e0 d\u00e9finir et impl\u00e9menter des M\u00e9thodes de Vente \u00e9prouv\u00e9es et des Formations Commerciales adapt\u00e9es pour votre Soci\u00e9t\u00e9, vous permettant ainsi de d\u00e9velopper les comp\u00e9tences de votre Organisation Commerciale et d&rsquo;en augmenter l&rsquo;efficacit\u00e9 et l&rsquo;impact : \u00c9tapes d&rsquo;Achat | \u00c9tapes de Ventes | Guides<\/p><\/div>\n<div class=\"blog-btn\"><a href=\"https:\/\/www.wenxt.com\/index.php\/fr\/acceleration-commerciale\/methodes-de-vente-et-formation\/\" class=\"home-blog-btn\">Lire la suite<\/a><\/p>\n","protected":false},"author":1,"featured_media":0,"parent":1051,"menu_order":322,"comment_status":"closed","ping_status":"closed","template":"template\/template-page-full-width.php","meta":{"content-type":"","footnotes":""},"class_list":["post-1444","page","type-page","status-publish","hentry"],"yoast_head":"<!-- This site is optimized with the Yoast SEO plugin v27.5 - https:\/\/yoast.com\/product\/yoast-seo-wordpress\/ -->\n<title>M\u00e9thodes de Vente et Formation - We::NXT consulting - sales methodology training<\/title>\n<meta name=\"description\" content=\"Sales Methodology | Buying Stages | Sales Stages | Sales Field Guide | Partner Activation | Sales Training | Sales Skills Assessment\" \/>\n<meta name=\"robots\" content=\"index, follow, max-snippet:-1, max-image-preview:large, max-video-preview:-1\" \/>\n<link rel=\"canonical\" href=\"https:\/\/www.wenxt.com\/index.php\/fr\/acceleration-commerciale\/methodes-de-vente-et-formation\/\" \/>\n<meta property=\"og:locale\" content=\"fr_FR\" \/>\n<meta property=\"og:type\" content=\"article\" \/>\n<meta property=\"og:title\" content=\"M\u00e9thodes de Vente et Formation - We::NXT consulting - sales methodology training\" \/>\n<meta property=\"og:description\" content=\"Sales Methodology | Buying Stages | Sales Stages | Sales Field Guide | Partner Activation | Sales Training | Sales Skills Assessment\" \/>\n<meta property=\"og:url\" content=\"https:\/\/www.wenxt.com\/index.php\/fr\/acceleration-commerciale\/methodes-de-vente-et-formation\/\" \/>\n<meta property=\"og:site_name\" content=\"We::NXT consulting\" \/>\n<meta property=\"article:modified_time\" content=\"2019-06-25T14:35:03+00:00\" \/>\n<meta property=\"og:image\" content=\"https:\/\/wenxt.com\/wp-content\/uploads\/2018\/06\/shutterstock_548868595.jpg\" \/>\n<meta name=\"twitter:card\" content=\"summary_large_image\" \/>\n<script type=\"application\/ld+json\" class=\"yoast-schema-graph\">{\"@context\":\"https:\\\/\\\/schema.org\",\"@graph\":[{\"@type\":\"WebPage\",\"@id\":\"https:\\\/\\\/www.wenxt.com\\\/index.php\\\/fr\\\/acceleration-commerciale\\\/methodes-de-vente-et-formation\\\/\",\"url\":\"https:\\\/\\\/www.wenxt.com\\\/index.php\\\/fr\\\/acceleration-commerciale\\\/methodes-de-vente-et-formation\\\/\",\"name\":\"M\u00e9thodes de Vente et Formation - We::NXT consulting - sales methodology training\",\"isPartOf\":{\"@id\":\"https:\\\/\\\/www.wenxt.com\\\/#website\"},\"primaryImageOfPage\":{\"@id\":\"https:\\\/\\\/www.wenxt.com\\\/index.php\\\/fr\\\/acceleration-commerciale\\\/methodes-de-vente-et-formation\\\/#primaryimage\"},\"image\":{\"@id\":\"https:\\\/\\\/www.wenxt.com\\\/index.php\\\/fr\\\/acceleration-commerciale\\\/methodes-de-vente-et-formation\\\/#primaryimage\"},\"thumbnailUrl\":\"https:\\\/\\\/wenxt.com\\\/wp-content\\\/uploads\\\/2018\\\/06\\\/shutterstock_548868595.jpg\",\"datePublished\":\"2018-06-30T03:35:05+00:00\",\"dateModified\":\"2019-06-25T14:35:03+00:00\",\"description\":\"Sales Methodology | Buying Stages | Sales Stages | Sales Field Guide | Partner Activation | Sales Training | Sales Skills Assessment\",\"breadcrumb\":{\"@id\":\"https:\\\/\\\/www.wenxt.com\\\/index.php\\\/fr\\\/acceleration-commerciale\\\/methodes-de-vente-et-formation\\\/#breadcrumb\"},\"inLanguage\":\"fr-FR\",\"potentialAction\":[{\"@type\":\"ReadAction\",\"target\":[\"https:\\\/\\\/www.wenxt.com\\\/index.php\\\/fr\\\/acceleration-commerciale\\\/methodes-de-vente-et-formation\\\/\"]}]},{\"@type\":\"ImageObject\",\"inLanguage\":\"fr-FR\",\"@id\":\"https:\\\/\\\/www.wenxt.com\\\/index.php\\\/fr\\\/acceleration-commerciale\\\/methodes-de-vente-et-formation\\\/#primaryimage\",\"url\":\"https:\\\/\\\/wenxt.com\\\/wp-content\\\/uploads\\\/2018\\\/06\\\/shutterstock_548868595.jpg\",\"contentUrl\":\"https:\\\/\\\/wenxt.com\\\/wp-content\\\/uploads\\\/2018\\\/06\\\/shutterstock_548868595.jpg\"},{\"@type\":\"BreadcrumbList\",\"@id\":\"https:\\\/\\\/www.wenxt.com\\\/index.php\\\/fr\\\/acceleration-commerciale\\\/methodes-de-vente-et-formation\\\/#breadcrumb\",\"itemListElement\":[{\"@type\":\"ListItem\",\"position\":1,\"name\":\"Home\",\"item\":\"https:\\\/\\\/www.wenxt.com\\\/\"},{\"@type\":\"ListItem\",\"position\":2,\"name\":\"Acc\u00e9l\u00e9ration Commerciale\",\"item\":\"https:\\\/\\\/www.wenxt.com\\\/index.php\\\/fr\\\/acceleration-commerciale\\\/\"},{\"@type\":\"ListItem\",\"position\":3,\"name\":\"M\u00e9thodes de Vente et Formation\"}]},{\"@type\":\"WebSite\",\"@id\":\"https:\\\/\\\/www.wenxt.com\\\/#website\",\"url\":\"https:\\\/\\\/www.wenxt.com\\\/\",\"name\":\"We::NXT consulting\",\"description\":\"Go-To-Market and Sales Acceleration\",\"publisher\":{\"@id\":\"https:\\\/\\\/www.wenxt.com\\\/#organization\"},\"potentialAction\":[{\"@type\":\"SearchAction\",\"target\":{\"@type\":\"EntryPoint\",\"urlTemplate\":\"https:\\\/\\\/www.wenxt.com\\\/?s={search_term_string}\"},\"query-input\":{\"@type\":\"PropertyValueSpecification\",\"valueRequired\":true,\"valueName\":\"search_term_string\"}}],\"inLanguage\":\"fr-FR\"},{\"@type\":\"Organization\",\"@id\":\"https:\\\/\\\/www.wenxt.com\\\/#organization\",\"name\":\"WE::NXT\",\"url\":\"https:\\\/\\\/www.wenxt.com\\\/\",\"logo\":{\"@type\":\"ImageObject\",\"inLanguage\":\"fr-FR\",\"@id\":\"https:\\\/\\\/www.wenxt.com\\\/#\\\/schema\\\/logo\\\/image\\\/\",\"url\":\"https:\\\/\\\/www.wenxt.com\\\/wp-content\\\/uploads\\\/2026\\\/01\\\/WENXT-long-zoom-10pct-png.png\",\"contentUrl\":\"https:\\\/\\\/www.wenxt.com\\\/wp-content\\\/uploads\\\/2026\\\/01\\\/WENXT-long-zoom-10pct-png.png\",\"width\":1041,\"height\":244,\"caption\":\"WE::NXT\"},\"image\":{\"@id\":\"https:\\\/\\\/www.wenxt.com\\\/#\\\/schema\\\/logo\\\/image\\\/\"}}]}<\/script>\n<!-- \/ Yoast SEO plugin. -->","yoast_head_json":{"title":"M\u00e9thodes de Vente et Formation - We::NXT consulting - sales methodology training","description":"Sales Methodology | Buying Stages | Sales Stages | Sales Field Guide | Partner Activation | Sales Training | Sales Skills Assessment","robots":{"index":"index","follow":"follow","max-snippet":"max-snippet:-1","max-image-preview":"max-image-preview:large","max-video-preview":"max-video-preview:-1"},"canonical":"https:\/\/www.wenxt.com\/index.php\/fr\/acceleration-commerciale\/methodes-de-vente-et-formation\/","og_locale":"fr_FR","og_type":"article","og_title":"M\u00e9thodes de Vente et Formation - We::NXT consulting - sales methodology training","og_description":"Sales Methodology | Buying Stages | Sales Stages | Sales Field Guide | Partner Activation | Sales Training | Sales Skills Assessment","og_url":"https:\/\/www.wenxt.com\/index.php\/fr\/acceleration-commerciale\/methodes-de-vente-et-formation\/","og_site_name":"We::NXT consulting","article_modified_time":"2019-06-25T14:35:03+00:00","og_image":[{"url":"https:\/\/wenxt.com\/wp-content\/uploads\/2018\/06\/shutterstock_548868595.jpg","type":"","width":"","height":""}],"twitter_card":"summary_large_image","schema":{"@context":"https:\/\/schema.org","@graph":[{"@type":"WebPage","@id":"https:\/\/www.wenxt.com\/index.php\/fr\/acceleration-commerciale\/methodes-de-vente-et-formation\/","url":"https:\/\/www.wenxt.com\/index.php\/fr\/acceleration-commerciale\/methodes-de-vente-et-formation\/","name":"M\u00e9thodes de Vente et Formation - We::NXT consulting - sales methodology training","isPartOf":{"@id":"https:\/\/www.wenxt.com\/#website"},"primaryImageOfPage":{"@id":"https:\/\/www.wenxt.com\/index.php\/fr\/acceleration-commerciale\/methodes-de-vente-et-formation\/#primaryimage"},"image":{"@id":"https:\/\/www.wenxt.com\/index.php\/fr\/acceleration-commerciale\/methodes-de-vente-et-formation\/#primaryimage"},"thumbnailUrl":"https:\/\/wenxt.com\/wp-content\/uploads\/2018\/06\/shutterstock_548868595.jpg","datePublished":"2018-06-30T03:35:05+00:00","dateModified":"2019-06-25T14:35:03+00:00","description":"Sales Methodology | Buying Stages | Sales Stages | Sales Field Guide | Partner Activation | Sales Training | Sales Skills Assessment","breadcrumb":{"@id":"https:\/\/www.wenxt.com\/index.php\/fr\/acceleration-commerciale\/methodes-de-vente-et-formation\/#breadcrumb"},"inLanguage":"fr-FR","potentialAction":[{"@type":"ReadAction","target":["https:\/\/www.wenxt.com\/index.php\/fr\/acceleration-commerciale\/methodes-de-vente-et-formation\/"]}]},{"@type":"ImageObject","inLanguage":"fr-FR","@id":"https:\/\/www.wenxt.com\/index.php\/fr\/acceleration-commerciale\/methodes-de-vente-et-formation\/#primaryimage","url":"https:\/\/wenxt.com\/wp-content\/uploads\/2018\/06\/shutterstock_548868595.jpg","contentUrl":"https:\/\/wenxt.com\/wp-content\/uploads\/2018\/06\/shutterstock_548868595.jpg"},{"@type":"BreadcrumbList","@id":"https:\/\/www.wenxt.com\/index.php\/fr\/acceleration-commerciale\/methodes-de-vente-et-formation\/#breadcrumb","itemListElement":[{"@type":"ListItem","position":1,"name":"Home","item":"https:\/\/www.wenxt.com\/"},{"@type":"ListItem","position":2,"name":"Acc\u00e9l\u00e9ration Commerciale","item":"https:\/\/www.wenxt.com\/index.php\/fr\/acceleration-commerciale\/"},{"@type":"ListItem","position":3,"name":"M\u00e9thodes de Vente et Formation"}]},{"@type":"WebSite","@id":"https:\/\/www.wenxt.com\/#website","url":"https:\/\/www.wenxt.com\/","name":"We::NXT consulting","description":"Go-To-Market and Sales Acceleration","publisher":{"@id":"https:\/\/www.wenxt.com\/#organization"},"potentialAction":[{"@type":"SearchAction","target":{"@type":"EntryPoint","urlTemplate":"https:\/\/www.wenxt.com\/?s={search_term_string}"},"query-input":{"@type":"PropertyValueSpecification","valueRequired":true,"valueName":"search_term_string"}}],"inLanguage":"fr-FR"},{"@type":"Organization","@id":"https:\/\/www.wenxt.com\/#organization","name":"WE::NXT","url":"https:\/\/www.wenxt.com\/","logo":{"@type":"ImageObject","inLanguage":"fr-FR","@id":"https:\/\/www.wenxt.com\/#\/schema\/logo\/image\/","url":"https:\/\/www.wenxt.com\/wp-content\/uploads\/2026\/01\/WENXT-long-zoom-10pct-png.png","contentUrl":"https:\/\/www.wenxt.com\/wp-content\/uploads\/2026\/01\/WENXT-long-zoom-10pct-png.png","width":1041,"height":244,"caption":"WE::NXT"},"image":{"@id":"https:\/\/www.wenxt.com\/#\/schema\/logo\/image\/"}}]}},"_links":{"self":[{"href":"https:\/\/www.wenxt.com\/index.php\/wp-json\/wp\/v2\/pages\/1444","targetHints":{"allow":["GET"]}}],"collection":[{"href":"https:\/\/www.wenxt.com\/index.php\/wp-json\/wp\/v2\/pages"}],"about":[{"href":"https:\/\/www.wenxt.com\/index.php\/wp-json\/wp\/v2\/types\/page"}],"author":[{"embeddable":true,"href":"https:\/\/www.wenxt.com\/index.php\/wp-json\/wp\/v2\/users\/1"}],"replies":[{"embeddable":true,"href":"https:\/\/www.wenxt.com\/index.php\/wp-json\/wp\/v2\/comments?post=1444"}],"version-history":[{"count":0,"href":"https:\/\/www.wenxt.com\/index.php\/wp-json\/wp\/v2\/pages\/1444\/revisions"}],"up":[{"embeddable":true,"href":"https:\/\/www.wenxt.com\/index.php\/wp-json\/wp\/v2\/pages\/1051"}],"wp:attachment":[{"href":"https:\/\/www.wenxt.com\/index.php\/wp-json\/wp\/v2\/media?parent=1444"}],"curies":[{"name":"wp","href":"https:\/\/api.w.org\/{rel}","templated":true}]}}