{"id":1469,"date":"2018-06-30T04:40:07","date_gmt":"2018-06-30T03:40:07","guid":{"rendered":"https:\/\/www.wenxt.com\/?page_id=1469"},"modified":"2019-06-25T15:56:04","modified_gmt":"2019-06-25T14:56:04","slug":"gestion-de-compte","status":"publish","type":"page","link":"https:\/\/www.wenxt.com\/index.php\/fr\/acceleration-commerciale\/gestion-de-compte\/","title":{"rendered":"Gestion de Compte"},"content":{"rendered":"<div class=\"col-md-6 col-sm-6 col-xs-12\">\n<div class=\"about-img-area wow fadeInDown animated animated animated animated animated\" style=\"visibility: visible; animation-delay: 0.4s; animation-name: fadeInDown;\" data-wow-delay=\"0.4s\"><img decoding=\"async\" class=\"img-responsive\" alt=\"Image\" src=\"https:\/\/wenxt.com\/wp-content\/uploads\/2018\/06\/shutterstock_524062729.jpg\"><\/div>\n<\/div>\n<div class=\"col-md-6 col-sm-6 col-xs-12 wow fadeInDown animated animated animated animated animated\" style=\"visibility: visible; animation-delay: 0.4s; animation-name: fadeInDown;\" data-wow-delay=\"0.4s\">\n<h2>Elevez vos capacit\u00e9s de <span style=\"color: #ce1b00;\"><strong>Gestion de Comptes<\/strong><\/span> au PROCHAIN niveau.<\/h2>\n<p><span style=\"color: #ce1b00;\"><strong>We::NXT<\/strong><\/span> peut vous aider \u00e0 d\u00e9finir et \u00e0 impl\u00e9menter des m\u00e9thodes professionnelles de <strong>Gestion de Compte<\/strong> et de <strong>Plans de Compte <\/strong> (Account Plans) pour la gestion de vos Grands Comptes directs et de vos Grands Partenaires :<\/p>\n<p>Approche par r\u00e9seaux Sociaux Professionnels | Profilage de Compte | Plans de  Comptes |  Identification de D\u00e9cideurs Cl\u00e9s | Engagement au niveau COMEX (CEO, CFO, CMO, CSO, CDO, CIO etc.) | Analyse Politique de Compte (Power Map) | Sponsor Ex\u00e9cutif.<\/p>\n<\/div>\n<p>&nbsp;<\/p>\n<p><span style=\"color: #ce1b00;\"><strong>(c) We::NXT 2018<\/strong><\/span> &#8211; all rights reserved<\/p>\n","protected":false},"excerpt":{"rendered":"<p>Elevez vos capacit\u00e9s de Gestion de Comptes au PROCHAIN niveau. We::NXT peut vous aider \u00e0 d\u00e9finir et \u00e0 impl\u00e9menter des m\u00e9thodes professionnelles de Gestion de Compte et de Plans de Compte (Account Plans) pour la gestion de vos Grands Comptes directs et de vos Grands Partenaires : Approche par r\u00e9seaux Sociaux Professionnels | Profilage de<\/p><\/div>\n<div class=\"blog-btn\"><a href=\"https:\/\/www.wenxt.com\/index.php\/fr\/acceleration-commerciale\/gestion-de-compte\/\" class=\"home-blog-btn\">Lire la suite<\/a><\/p>\n","protected":false},"author":1,"featured_media":0,"parent":1051,"menu_order":325,"comment_status":"closed","ping_status":"closed","template":"template\/template-page-full-width.php","meta":{"content-type":"","footnotes":""},"class_list":["post-1469","page","type-page","status-publish","hentry"],"yoast_head":"<!-- This site is optimized with the Yoast SEO plugin v27.5 - https:\/\/yoast.com\/product\/yoast-seo-wordpress\/ -->\n<title>Gestion de Compte - We::NXT consulting - account profiling c-level<\/title>\n<meta name=\"description\" content=\"Account Profiling | Account Planning | Decision Maker Identification | C-level Engagement | Power Map | Executive Sponsor\" \/>\n<meta name=\"robots\" content=\"index, follow, max-snippet:-1, max-image-preview:large, max-video-preview:-1\" \/>\n<link rel=\"canonical\" href=\"https:\/\/www.wenxt.com\/index.php\/fr\/acceleration-commerciale\/gestion-de-compte\/\" \/>\n<meta property=\"og:locale\" content=\"fr_FR\" \/>\n<meta property=\"og:type\" content=\"article\" \/>\n<meta property=\"og:title\" content=\"Gestion de Compte - We::NXT consulting - account profiling c-level\" \/>\n<meta property=\"og:description\" content=\"Account Profiling | Account Planning | Decision Maker Identification | C-level Engagement | Power Map | Executive Sponsor\" \/>\n<meta property=\"og:url\" content=\"https:\/\/www.wenxt.com\/index.php\/fr\/acceleration-commerciale\/gestion-de-compte\/\" \/>\n<meta property=\"og:site_name\" content=\"We::NXT consulting\" \/>\n<meta property=\"article:modified_time\" content=\"2019-06-25T14:56:04+00:00\" \/>\n<meta property=\"og:image\" content=\"https:\/\/wenxt.com\/wp-content\/uploads\/2018\/06\/shutterstock_524062729.jpg\" \/>\n<meta name=\"twitter:card\" content=\"summary_large_image\" \/>\n<script type=\"application\/ld+json\" class=\"yoast-schema-graph\">{\"@context\":\"https:\\\/\\\/schema.org\",\"@graph\":[{\"@type\":\"WebPage\",\"@id\":\"https:\\\/\\\/www.wenxt.com\\\/index.php\\\/fr\\\/acceleration-commerciale\\\/gestion-de-compte\\\/\",\"url\":\"https:\\\/\\\/www.wenxt.com\\\/index.php\\\/fr\\\/acceleration-commerciale\\\/gestion-de-compte\\\/\",\"name\":\"Gestion de Compte - We::NXT consulting - account profiling c-level\",\"isPartOf\":{\"@id\":\"https:\\\/\\\/www.wenxt.com\\\/#website\"},\"primaryImageOfPage\":{\"@id\":\"https:\\\/\\\/www.wenxt.com\\\/index.php\\\/fr\\\/acceleration-commerciale\\\/gestion-de-compte\\\/#primaryimage\"},\"image\":{\"@id\":\"https:\\\/\\\/www.wenxt.com\\\/index.php\\\/fr\\\/acceleration-commerciale\\\/gestion-de-compte\\\/#primaryimage\"},\"thumbnailUrl\":\"https:\\\/\\\/wenxt.com\\\/wp-content\\\/uploads\\\/2018\\\/06\\\/shutterstock_524062729.jpg\",\"datePublished\":\"2018-06-30T03:40:07+00:00\",\"dateModified\":\"2019-06-25T14:56:04+00:00\",\"description\":\"Account Profiling | Account Planning | Decision Maker Identification | C-level Engagement | Power Map | Executive Sponsor\",\"breadcrumb\":{\"@id\":\"https:\\\/\\\/www.wenxt.com\\\/index.php\\\/fr\\\/acceleration-commerciale\\\/gestion-de-compte\\\/#breadcrumb\"},\"inLanguage\":\"fr-FR\",\"potentialAction\":[{\"@type\":\"ReadAction\",\"target\":[\"https:\\\/\\\/www.wenxt.com\\\/index.php\\\/fr\\\/acceleration-commerciale\\\/gestion-de-compte\\\/\"]}]},{\"@type\":\"ImageObject\",\"inLanguage\":\"fr-FR\",\"@id\":\"https:\\\/\\\/www.wenxt.com\\\/index.php\\\/fr\\\/acceleration-commerciale\\\/gestion-de-compte\\\/#primaryimage\",\"url\":\"https:\\\/\\\/wenxt.com\\\/wp-content\\\/uploads\\\/2018\\\/06\\\/shutterstock_524062729.jpg\",\"contentUrl\":\"https:\\\/\\\/wenxt.com\\\/wp-content\\\/uploads\\\/2018\\\/06\\\/shutterstock_524062729.jpg\"},{\"@type\":\"BreadcrumbList\",\"@id\":\"https:\\\/\\\/www.wenxt.com\\\/index.php\\\/fr\\\/acceleration-commerciale\\\/gestion-de-compte\\\/#breadcrumb\",\"itemListElement\":[{\"@type\":\"ListItem\",\"position\":1,\"name\":\"Home\",\"item\":\"https:\\\/\\\/www.wenxt.com\\\/\"},{\"@type\":\"ListItem\",\"position\":2,\"name\":\"Acc\u00e9l\u00e9ration Commerciale\",\"item\":\"https:\\\/\\\/www.wenxt.com\\\/index.php\\\/fr\\\/acceleration-commerciale\\\/\"},{\"@type\":\"ListItem\",\"position\":3,\"name\":\"Gestion de Compte\"}]},{\"@type\":\"WebSite\",\"@id\":\"https:\\\/\\\/www.wenxt.com\\\/#website\",\"url\":\"https:\\\/\\\/www.wenxt.com\\\/\",\"name\":\"We::NXT consulting\",\"description\":\"Go-To-Market and Sales Acceleration\",\"publisher\":{\"@id\":\"https:\\\/\\\/www.wenxt.com\\\/#organization\"},\"potentialAction\":[{\"@type\":\"SearchAction\",\"target\":{\"@type\":\"EntryPoint\",\"urlTemplate\":\"https:\\\/\\\/www.wenxt.com\\\/?s={search_term_string}\"},\"query-input\":{\"@type\":\"PropertyValueSpecification\",\"valueRequired\":true,\"valueName\":\"search_term_string\"}}],\"inLanguage\":\"fr-FR\"},{\"@type\":\"Organization\",\"@id\":\"https:\\\/\\\/www.wenxt.com\\\/#organization\",\"name\":\"WE::NXT\",\"url\":\"https:\\\/\\\/www.wenxt.com\\\/\",\"logo\":{\"@type\":\"ImageObject\",\"inLanguage\":\"fr-FR\",\"@id\":\"https:\\\/\\\/www.wenxt.com\\\/#\\\/schema\\\/logo\\\/image\\\/\",\"url\":\"https:\\\/\\\/www.wenxt.com\\\/wp-content\\\/uploads\\\/2026\\\/01\\\/WENXT-long-zoom-10pct-png.png\",\"contentUrl\":\"https:\\\/\\\/www.wenxt.com\\\/wp-content\\\/uploads\\\/2026\\\/01\\\/WENXT-long-zoom-10pct-png.png\",\"width\":1041,\"height\":244,\"caption\":\"WE::NXT\"},\"image\":{\"@id\":\"https:\\\/\\\/www.wenxt.com\\\/#\\\/schema\\\/logo\\\/image\\\/\"}}]}<\/script>\n<!-- \/ Yoast SEO plugin. -->","yoast_head_json":{"title":"Gestion de Compte - We::NXT consulting - account profiling c-level","description":"Account Profiling | Account Planning | Decision Maker Identification | C-level Engagement | Power Map | Executive Sponsor","robots":{"index":"index","follow":"follow","max-snippet":"max-snippet:-1","max-image-preview":"max-image-preview:large","max-video-preview":"max-video-preview:-1"},"canonical":"https:\/\/www.wenxt.com\/index.php\/fr\/acceleration-commerciale\/gestion-de-compte\/","og_locale":"fr_FR","og_type":"article","og_title":"Gestion de Compte - We::NXT consulting - account profiling c-level","og_description":"Account Profiling | Account Planning | Decision Maker Identification | C-level Engagement | Power Map | Executive Sponsor","og_url":"https:\/\/www.wenxt.com\/index.php\/fr\/acceleration-commerciale\/gestion-de-compte\/","og_site_name":"We::NXT consulting","article_modified_time":"2019-06-25T14:56:04+00:00","og_image":[{"url":"https:\/\/wenxt.com\/wp-content\/uploads\/2018\/06\/shutterstock_524062729.jpg","type":"","width":"","height":""}],"twitter_card":"summary_large_image","schema":{"@context":"https:\/\/schema.org","@graph":[{"@type":"WebPage","@id":"https:\/\/www.wenxt.com\/index.php\/fr\/acceleration-commerciale\/gestion-de-compte\/","url":"https:\/\/www.wenxt.com\/index.php\/fr\/acceleration-commerciale\/gestion-de-compte\/","name":"Gestion de Compte - We::NXT consulting - account profiling c-level","isPartOf":{"@id":"https:\/\/www.wenxt.com\/#website"},"primaryImageOfPage":{"@id":"https:\/\/www.wenxt.com\/index.php\/fr\/acceleration-commerciale\/gestion-de-compte\/#primaryimage"},"image":{"@id":"https:\/\/www.wenxt.com\/index.php\/fr\/acceleration-commerciale\/gestion-de-compte\/#primaryimage"},"thumbnailUrl":"https:\/\/wenxt.com\/wp-content\/uploads\/2018\/06\/shutterstock_524062729.jpg","datePublished":"2018-06-30T03:40:07+00:00","dateModified":"2019-06-25T14:56:04+00:00","description":"Account Profiling | Account Planning | Decision Maker Identification | C-level Engagement | Power Map | Executive Sponsor","breadcrumb":{"@id":"https:\/\/www.wenxt.com\/index.php\/fr\/acceleration-commerciale\/gestion-de-compte\/#breadcrumb"},"inLanguage":"fr-FR","potentialAction":[{"@type":"ReadAction","target":["https:\/\/www.wenxt.com\/index.php\/fr\/acceleration-commerciale\/gestion-de-compte\/"]}]},{"@type":"ImageObject","inLanguage":"fr-FR","@id":"https:\/\/www.wenxt.com\/index.php\/fr\/acceleration-commerciale\/gestion-de-compte\/#primaryimage","url":"https:\/\/wenxt.com\/wp-content\/uploads\/2018\/06\/shutterstock_524062729.jpg","contentUrl":"https:\/\/wenxt.com\/wp-content\/uploads\/2018\/06\/shutterstock_524062729.jpg"},{"@type":"BreadcrumbList","@id":"https:\/\/www.wenxt.com\/index.php\/fr\/acceleration-commerciale\/gestion-de-compte\/#breadcrumb","itemListElement":[{"@type":"ListItem","position":1,"name":"Home","item":"https:\/\/www.wenxt.com\/"},{"@type":"ListItem","position":2,"name":"Acc\u00e9l\u00e9ration Commerciale","item":"https:\/\/www.wenxt.com\/index.php\/fr\/acceleration-commerciale\/"},{"@type":"ListItem","position":3,"name":"Gestion de Compte"}]},{"@type":"WebSite","@id":"https:\/\/www.wenxt.com\/#website","url":"https:\/\/www.wenxt.com\/","name":"We::NXT consulting","description":"Go-To-Market and Sales Acceleration","publisher":{"@id":"https:\/\/www.wenxt.com\/#organization"},"potentialAction":[{"@type":"SearchAction","target":{"@type":"EntryPoint","urlTemplate":"https:\/\/www.wenxt.com\/?s={search_term_string}"},"query-input":{"@type":"PropertyValueSpecification","valueRequired":true,"valueName":"search_term_string"}}],"inLanguage":"fr-FR"},{"@type":"Organization","@id":"https:\/\/www.wenxt.com\/#organization","name":"WE::NXT","url":"https:\/\/www.wenxt.com\/","logo":{"@type":"ImageObject","inLanguage":"fr-FR","@id":"https:\/\/www.wenxt.com\/#\/schema\/logo\/image\/","url":"https:\/\/www.wenxt.com\/wp-content\/uploads\/2026\/01\/WENXT-long-zoom-10pct-png.png","contentUrl":"https:\/\/www.wenxt.com\/wp-content\/uploads\/2026\/01\/WENXT-long-zoom-10pct-png.png","width":1041,"height":244,"caption":"WE::NXT"},"image":{"@id":"https:\/\/www.wenxt.com\/#\/schema\/logo\/image\/"}}]}},"_links":{"self":[{"href":"https:\/\/www.wenxt.com\/index.php\/wp-json\/wp\/v2\/pages\/1469","targetHints":{"allow":["GET"]}}],"collection":[{"href":"https:\/\/www.wenxt.com\/index.php\/wp-json\/wp\/v2\/pages"}],"about":[{"href":"https:\/\/www.wenxt.com\/index.php\/wp-json\/wp\/v2\/types\/page"}],"author":[{"embeddable":true,"href":"https:\/\/www.wenxt.com\/index.php\/wp-json\/wp\/v2\/users\/1"}],"replies":[{"embeddable":true,"href":"https:\/\/www.wenxt.com\/index.php\/wp-json\/wp\/v2\/comments?post=1469"}],"version-history":[{"count":0,"href":"https:\/\/www.wenxt.com\/index.php\/wp-json\/wp\/v2\/pages\/1469\/revisions"}],"up":[{"embeddable":true,"href":"https:\/\/www.wenxt.com\/index.php\/wp-json\/wp\/v2\/pages\/1051"}],"wp:attachment":[{"href":"https:\/\/www.wenxt.com\/index.php\/wp-json\/wp\/v2\/media?parent=1469"}],"curies":[{"name":"wp","href":"https:\/\/api.w.org\/{rel}","templated":true}]}}