{"id":1498,"date":"2018-06-21T08:08:26","date_gmt":"2018-06-21T07:08:26","guid":{"rendered":"https:\/\/www.wenxt.com\/?page_id=1498"},"modified":"2019-06-25T17:00:16","modified_gmt":"2019-06-25T16:00:16","slug":"interim-management","status":"publish","type":"page","link":"https:\/\/www.wenxt.com\/index.php\/fr\/acceleration-commerciale\/interim-management\/","title":{"rendered":"Int\u00e9rim Management"},"content":{"rendered":"<div id=\"attachment_800\" style=\"width: 356px\" class=\"wp-caption alignleft\"><img loading=\"lazy\" decoding=\"async\" aria-describedby=\"caption-attachment-800\" class=\" wp-image-800\" alt=\"\" src=\"https:\/\/www.wenxt.com\/wp-content\/uploads\/2018\/12\/shutterstock_361845191-300x200.jpg\" width=\"346\" height=\"230\" srcset=\"https:\/\/www.wenxt.com\/wp-content\/uploads\/2018\/12\/shutterstock_361845191-300x200.jpg 300w, https:\/\/www.wenxt.com\/wp-content\/uploads\/2018\/12\/shutterstock_361845191-768x512.jpg 768w, https:\/\/www.wenxt.com\/wp-content\/uploads\/2018\/12\/shutterstock_361845191-1024x683.jpg 1024w\" sizes=\"auto, (max-width: 346px) 100vw, 346px\" \/><p id=\"caption-attachment-800\" class=\"wp-caption-text\"><a href=\"https:\/\/www.wenxt.com\/index.php\/fr\/acceleration-commerciale\/interim-management\/\"><strong>Interim Management<\/strong><\/a><\/p><\/div>\n<h2><strong>Embauchez un Tech Leader exp\u00e9riment\u00e9, dans un mod\u00e8le OPEX flexible et \u00e9conomique.<\/strong><\/h2>\n<h4><\/h4>\n<h4><span style=\"color: #ce1b00;\"><strong>We::NXT<\/strong><\/span> offre des solutions d&rsquo;int\u00e9rim management, \u00e0 temps partiel ou \u00e0 temps complet, dans un mode service, ou sous forme de contrat CDD.&nbsp;<br \/>\n<span style=\"color: #ce1b00;\"><strong>We::NXT<\/strong><\/span> peut aussi assister les organisations High-Tech dans leur recherche et dans l&#8217;embauche du Leader Commercial pour une position permanente.<\/h4>\n<ul>\n<li><strong>Int\u00e9rim Leadership<\/strong>\n<ul>\n<li>Nous pouvons fournir des solutions flexible d&rsquo;int\u00e9rim management pour des positions telles que VP Sales, VP Marketing, VP Business Development, CEO, COO, CFO, etc.<\/li>\n<li>Nous avons acc\u00e8s \u00e0 un pool qualifi\u00e9 de tech leaders exp\u00e9riment\u00e9s et ayant eu un parcours \u00e0 l&rsquo;international, et qui sont disponibles pour des missions de leadership en int\u00e9rim.<\/li>\n<\/ul>\n<\/li>\n<li><strong>Aide \u00e0 l&rsquo;Identification et au Recrutement de Talents Commerciaux<\/strong>\n<ul>\n<li>Nous vous aiderons \u00e0 identifier, contacter, attirer, shortlister, selectionner et embaucher les candidats ou candidates les plus adapt\u00e9s et comp\u00e9tents pour vos positions ouvertes de Leadership Commercial.<\/li>\n<\/ul>\n<\/li>\n<\/ul>\n","protected":false},"excerpt":{"rendered":"<p>Embauchez un Tech Leader exp\u00e9riment\u00e9, dans un mod\u00e8le OPEX flexible et \u00e9conomique. We::NXT offre des solutions d&rsquo;int\u00e9rim management, \u00e0 temps partiel ou \u00e0 temps complet, dans un mode service, ou sous forme de contrat CDD.&nbsp; We::NXT peut aussi assister les organisations High-Tech dans leur recherche et dans l&#8217;embauche du Leader Commercial pour une position permanente.<\/p><\/div>\n<div class=\"blog-btn\"><a href=\"https:\/\/www.wenxt.com\/index.php\/fr\/acceleration-commerciale\/interim-management\/\" class=\"home-blog-btn\">Lire la suite<\/a><\/p>\n","protected":false},"author":1,"featured_media":0,"parent":1051,"menu_order":330,"comment_status":"closed","ping_status":"closed","template":"template\/template-contact.php","meta":{"content-type":"","footnotes":""},"class_list":["post-1498","page","type-page","status-publish","hentry"],"yoast_head":"<!-- This site is optimized with the Yoast SEO plugin v27.5 - https:\/\/yoast.com\/product\/yoast-seo-wordpress\/ -->\n<title>We::NXT consulting - Int\u00e9rim Management - Interim Services - Talent Hiring<\/title>\n<meta name=\"description\" content=\"we::nXt provides interim management solutions, as a service. we::nXt can also assist you in finding key talent for a permanent sales leadership role.\" \/>\n<meta name=\"robots\" content=\"index, follow, max-snippet:-1, max-image-preview:large, max-video-preview:-1\" \/>\n<link rel=\"canonical\" href=\"https:\/\/www.wenxt.com\/index.php\/fr\/acceleration-commerciale\/interim-management\/\" \/>\n<meta property=\"og:locale\" content=\"fr_FR\" \/>\n<meta property=\"og:type\" content=\"article\" \/>\n<meta property=\"og:title\" content=\"We::NXT consulting - Int\u00e9rim Management - Interim Services - Talent Hiring\" \/>\n<meta property=\"og:description\" content=\"we::nXt provides interim management solutions, as a service. we::nXt can also assist you in finding key talent for a permanent sales leadership role.\" \/>\n<meta property=\"og:url\" content=\"https:\/\/www.wenxt.com\/index.php\/fr\/acceleration-commerciale\/interim-management\/\" \/>\n<meta property=\"og:site_name\" content=\"We::NXT consulting\" \/>\n<meta property=\"article:modified_time\" content=\"2019-06-25T16:00:16+00:00\" \/>\n<meta property=\"og:image\" content=\"https:\/\/www.wenxt.com\/wp-content\/uploads\/2018\/12\/shutterstock_361845191-300x200.jpg\" \/>\n<meta name=\"twitter:card\" content=\"summary_large_image\" \/>\n<meta name=\"twitter:label1\" content=\"Dur\u00e9e de lecture estim\u00e9e\" \/>\n\t<meta name=\"twitter:data1\" content=\"1 minute\" \/>\n<script type=\"application\/ld+json\" class=\"yoast-schema-graph\">{\"@context\":\"https:\\\/\\\/schema.org\",\"@graph\":[{\"@type\":\"WebPage\",\"@id\":\"https:\\\/\\\/www.wenxt.com\\\/index.php\\\/fr\\\/acceleration-commerciale\\\/interim-management\\\/\",\"url\":\"https:\\\/\\\/www.wenxt.com\\\/index.php\\\/fr\\\/acceleration-commerciale\\\/interim-management\\\/\",\"name\":\"We::NXT consulting - Int\u00e9rim Management - Interim Services - Talent Hiring\",\"isPartOf\":{\"@id\":\"https:\\\/\\\/www.wenxt.com\\\/#website\"},\"primaryImageOfPage\":{\"@id\":\"https:\\\/\\\/www.wenxt.com\\\/index.php\\\/fr\\\/acceleration-commerciale\\\/interim-management\\\/#primaryimage\"},\"image\":{\"@id\":\"https:\\\/\\\/www.wenxt.com\\\/index.php\\\/fr\\\/acceleration-commerciale\\\/interim-management\\\/#primaryimage\"},\"thumbnailUrl\":\"https:\\\/\\\/www.wenxt.com\\\/wp-content\\\/uploads\\\/2018\\\/12\\\/shutterstock_361845191-300x200.jpg\",\"datePublished\":\"2018-06-21T07:08:26+00:00\",\"dateModified\":\"2019-06-25T16:00:16+00:00\",\"description\":\"we::nXt provides interim management solutions, as a service. we::nXt can also assist you in finding key talent for a permanent sales leadership role.\",\"breadcrumb\":{\"@id\":\"https:\\\/\\\/www.wenxt.com\\\/index.php\\\/fr\\\/acceleration-commerciale\\\/interim-management\\\/#breadcrumb\"},\"inLanguage\":\"fr-FR\",\"potentialAction\":[{\"@type\":\"ReadAction\",\"target\":[\"https:\\\/\\\/www.wenxt.com\\\/index.php\\\/fr\\\/acceleration-commerciale\\\/interim-management\\\/\"]}]},{\"@type\":\"ImageObject\",\"inLanguage\":\"fr-FR\",\"@id\":\"https:\\\/\\\/www.wenxt.com\\\/index.php\\\/fr\\\/acceleration-commerciale\\\/interim-management\\\/#primaryimage\",\"url\":\"https:\\\/\\\/www.wenxt.com\\\/wp-content\\\/uploads\\\/2018\\\/12\\\/shutterstock_361845191.jpg\",\"contentUrl\":\"https:\\\/\\\/www.wenxt.com\\\/wp-content\\\/uploads\\\/2018\\\/12\\\/shutterstock_361845191.jpg\",\"width\":4200,\"height\":2800,\"caption\":\"Interim Management\"},{\"@type\":\"BreadcrumbList\",\"@id\":\"https:\\\/\\\/www.wenxt.com\\\/index.php\\\/fr\\\/acceleration-commerciale\\\/interim-management\\\/#breadcrumb\",\"itemListElement\":[{\"@type\":\"ListItem\",\"position\":1,\"name\":\"Home\",\"item\":\"https:\\\/\\\/www.wenxt.com\\\/\"},{\"@type\":\"ListItem\",\"position\":2,\"name\":\"Acc\u00e9l\u00e9ration Commerciale\",\"item\":\"https:\\\/\\\/www.wenxt.com\\\/index.php\\\/fr\\\/acceleration-commerciale\\\/\"},{\"@type\":\"ListItem\",\"position\":3,\"name\":\"Int\u00e9rim Management\"}]},{\"@type\":\"WebSite\",\"@id\":\"https:\\\/\\\/www.wenxt.com\\\/#website\",\"url\":\"https:\\\/\\\/www.wenxt.com\\\/\",\"name\":\"We::NXT consulting\",\"description\":\"Go-To-Market and Sales Acceleration\",\"publisher\":{\"@id\":\"https:\\\/\\\/www.wenxt.com\\\/#organization\"},\"potentialAction\":[{\"@type\":\"SearchAction\",\"target\":{\"@type\":\"EntryPoint\",\"urlTemplate\":\"https:\\\/\\\/www.wenxt.com\\\/?s={search_term_string}\"},\"query-input\":{\"@type\":\"PropertyValueSpecification\",\"valueRequired\":true,\"valueName\":\"search_term_string\"}}],\"inLanguage\":\"fr-FR\"},{\"@type\":\"Organization\",\"@id\":\"https:\\\/\\\/www.wenxt.com\\\/#organization\",\"name\":\"WE::NXT\",\"url\":\"https:\\\/\\\/www.wenxt.com\\\/\",\"logo\":{\"@type\":\"ImageObject\",\"inLanguage\":\"fr-FR\",\"@id\":\"https:\\\/\\\/www.wenxt.com\\\/#\\\/schema\\\/logo\\\/image\\\/\",\"url\":\"https:\\\/\\\/www.wenxt.com\\\/wp-content\\\/uploads\\\/2026\\\/01\\\/WENXT-long-zoom-10pct-png.png\",\"contentUrl\":\"https:\\\/\\\/www.wenxt.com\\\/wp-content\\\/uploads\\\/2026\\\/01\\\/WENXT-long-zoom-10pct-png.png\",\"width\":1041,\"height\":244,\"caption\":\"WE::NXT\"},\"image\":{\"@id\":\"https:\\\/\\\/www.wenxt.com\\\/#\\\/schema\\\/logo\\\/image\\\/\"}}]}<\/script>\n<!-- \/ Yoast SEO plugin. -->","yoast_head_json":{"title":"We::NXT consulting - Int\u00e9rim Management - Interim Services - Talent Hiring","description":"we::nXt provides interim management solutions, as a service. we::nXt can also assist you in finding key talent for a permanent sales leadership role.","robots":{"index":"index","follow":"follow","max-snippet":"max-snippet:-1","max-image-preview":"max-image-preview:large","max-video-preview":"max-video-preview:-1"},"canonical":"https:\/\/www.wenxt.com\/index.php\/fr\/acceleration-commerciale\/interim-management\/","og_locale":"fr_FR","og_type":"article","og_title":"We::NXT consulting - Int\u00e9rim Management - Interim Services - Talent Hiring","og_description":"we::nXt provides interim management solutions, as a service. we::nXt can also assist you in finding key talent for a permanent sales leadership role.","og_url":"https:\/\/www.wenxt.com\/index.php\/fr\/acceleration-commerciale\/interim-management\/","og_site_name":"We::NXT consulting","article_modified_time":"2019-06-25T16:00:16+00:00","og_image":[{"url":"https:\/\/www.wenxt.com\/wp-content\/uploads\/2018\/12\/shutterstock_361845191-300x200.jpg","type":"","width":"","height":""}],"twitter_card":"summary_large_image","twitter_misc":{"Dur\u00e9e de lecture estim\u00e9e":"1 minute"},"schema":{"@context":"https:\/\/schema.org","@graph":[{"@type":"WebPage","@id":"https:\/\/www.wenxt.com\/index.php\/fr\/acceleration-commerciale\/interim-management\/","url":"https:\/\/www.wenxt.com\/index.php\/fr\/acceleration-commerciale\/interim-management\/","name":"We::NXT consulting - Int\u00e9rim Management - Interim Services - Talent Hiring","isPartOf":{"@id":"https:\/\/www.wenxt.com\/#website"},"primaryImageOfPage":{"@id":"https:\/\/www.wenxt.com\/index.php\/fr\/acceleration-commerciale\/interim-management\/#primaryimage"},"image":{"@id":"https:\/\/www.wenxt.com\/index.php\/fr\/acceleration-commerciale\/interim-management\/#primaryimage"},"thumbnailUrl":"https:\/\/www.wenxt.com\/wp-content\/uploads\/2018\/12\/shutterstock_361845191-300x200.jpg","datePublished":"2018-06-21T07:08:26+00:00","dateModified":"2019-06-25T16:00:16+00:00","description":"we::nXt provides interim management solutions, as a service. we::nXt can also assist you in finding key talent for a permanent sales leadership role.","breadcrumb":{"@id":"https:\/\/www.wenxt.com\/index.php\/fr\/acceleration-commerciale\/interim-management\/#breadcrumb"},"inLanguage":"fr-FR","potentialAction":[{"@type":"ReadAction","target":["https:\/\/www.wenxt.com\/index.php\/fr\/acceleration-commerciale\/interim-management\/"]}]},{"@type":"ImageObject","inLanguage":"fr-FR","@id":"https:\/\/www.wenxt.com\/index.php\/fr\/acceleration-commerciale\/interim-management\/#primaryimage","url":"https:\/\/www.wenxt.com\/wp-content\/uploads\/2018\/12\/shutterstock_361845191.jpg","contentUrl":"https:\/\/www.wenxt.com\/wp-content\/uploads\/2018\/12\/shutterstock_361845191.jpg","width":4200,"height":2800,"caption":"Interim Management"},{"@type":"BreadcrumbList","@id":"https:\/\/www.wenxt.com\/index.php\/fr\/acceleration-commerciale\/interim-management\/#breadcrumb","itemListElement":[{"@type":"ListItem","position":1,"name":"Home","item":"https:\/\/www.wenxt.com\/"},{"@type":"ListItem","position":2,"name":"Acc\u00e9l\u00e9ration Commerciale","item":"https:\/\/www.wenxt.com\/index.php\/fr\/acceleration-commerciale\/"},{"@type":"ListItem","position":3,"name":"Int\u00e9rim Management"}]},{"@type":"WebSite","@id":"https:\/\/www.wenxt.com\/#website","url":"https:\/\/www.wenxt.com\/","name":"We::NXT consulting","description":"Go-To-Market and Sales Acceleration","publisher":{"@id":"https:\/\/www.wenxt.com\/#organization"},"potentialAction":[{"@type":"SearchAction","target":{"@type":"EntryPoint","urlTemplate":"https:\/\/www.wenxt.com\/?s={search_term_string}"},"query-input":{"@type":"PropertyValueSpecification","valueRequired":true,"valueName":"search_term_string"}}],"inLanguage":"fr-FR"},{"@type":"Organization","@id":"https:\/\/www.wenxt.com\/#organization","name":"WE::NXT","url":"https:\/\/www.wenxt.com\/","logo":{"@type":"ImageObject","inLanguage":"fr-FR","@id":"https:\/\/www.wenxt.com\/#\/schema\/logo\/image\/","url":"https:\/\/www.wenxt.com\/wp-content\/uploads\/2026\/01\/WENXT-long-zoom-10pct-png.png","contentUrl":"https:\/\/www.wenxt.com\/wp-content\/uploads\/2026\/01\/WENXT-long-zoom-10pct-png.png","width":1041,"height":244,"caption":"WE::NXT"},"image":{"@id":"https:\/\/www.wenxt.com\/#\/schema\/logo\/image\/"}}]}},"_links":{"self":[{"href":"https:\/\/www.wenxt.com\/index.php\/wp-json\/wp\/v2\/pages\/1498","targetHints":{"allow":["GET"]}}],"collection":[{"href":"https:\/\/www.wenxt.com\/index.php\/wp-json\/wp\/v2\/pages"}],"about":[{"href":"https:\/\/www.wenxt.com\/index.php\/wp-json\/wp\/v2\/types\/page"}],"author":[{"embeddable":true,"href":"https:\/\/www.wenxt.com\/index.php\/wp-json\/wp\/v2\/users\/1"}],"replies":[{"embeddable":true,"href":"https:\/\/www.wenxt.com\/index.php\/wp-json\/wp\/v2\/comments?post=1498"}],"version-history":[{"count":0,"href":"https:\/\/www.wenxt.com\/index.php\/wp-json\/wp\/v2\/pages\/1498\/revisions"}],"up":[{"embeddable":true,"href":"https:\/\/www.wenxt.com\/index.php\/wp-json\/wp\/v2\/pages\/1051"}],"wp:attachment":[{"href":"https:\/\/www.wenxt.com\/index.php\/wp-json\/wp\/v2\/media?parent=1498"}],"curies":[{"name":"wp","href":"https:\/\/api.w.org\/{rel}","templated":true}]}}