{"id":993,"date":"2019-01-05T18:32:11","date_gmt":"2019-01-05T17:32:11","guid":{"rendered":"https:\/\/www.wenxt.com\/?page_id=993"},"modified":"2019-06-25T10:49:49","modified_gmt":"2019-06-25T09:49:49","slug":"methode","status":"publish","type":"page","link":"https:\/\/www.wenxt.com\/index.php\/fr\/methode\/","title":{"rendered":"M\u00e9thode de Croissance"},"content":{"rendered":"<h2><strong>Notre m\u00e9thode en 5 \u00e9tapes pour acc\u00e9l\u00e9rer la Croissance de vos Revenus<\/strong><\/h2>\n<h4><span style=\"color: #ce1b00;\"><strong>we::nXt<\/strong><\/span> a constat\u00e9 que les soci\u00e9t\u00e9s high-tech peuvent d\u00e9passer leur objectifs de croissance du chiffre d&rsquo;affaires en suivant un processus en 5 \u00e9tapes:<\/h4>\n<ul>\n<li><strong>Strat\u00e9gie d&rsquo;Entreprise<\/strong>\n<ul>\n<li>D\u00e9terminez comment vous voulez servir vos clients, quel probl\u00e8me vous solutionnez, sur quel march\u00e9s vous vous positionnez, quelle concurrence vous affrontez, et quel est votre plan pour gagner.<\/li>\n<\/ul>\n<\/li>\n<li><strong>Strat\u00e9gie d&rsquo;Offre Produits \/ Services<\/strong>\n<ul>\n<li>D\u00e9veloppez des produits\/services\/solutions sp\u00e9cifiques que vos clients seront d\u00e9sireux d&rsquo;acheter, avec une proposition de valeur claire, avec de la diff\u00e9rentiation, avec des atouts uniques.<\/li>\n<\/ul>\n<\/li>\n<li><strong>Strat\u00e9gie de Mon\u00e9tisation \/ Fixation du Prix<\/strong>\n<ul>\n<li>Cr\u00e9ez une strat\u00e9gie de mon\u00e9tisation, d\u00e9terminez les business model et les niveaux de prix qui assureront une extraction de valeur \u00e9quitable et la maximization de vos revenus.<\/li>\n<\/ul>\n<\/li>\n<li><strong>Strat\u00e9gie Commerciale et Ex\u00e9cution<\/strong>\n<ul>\n<li>Transformez la demande du march\u00e9 en revenu, en allouant judicieusement vos ressources commerciales afin de faire cro\u00eetre vos revenus et d&rsquo;abaisser vos co\u00fbts d&rsquo;acquisition.<\/li>\n<\/ul>\n<\/li>\n<li><strong>Strat\u00e9gie Marketing et Ex\u00e9cution<\/strong>\n<ul>\n<li>D\u00e9veloppez votre strat\u00e9gie marketing, g\u00e9n\u00e9rez de la demande pour vos produits\/services\/solutions sur les diff\u00e9rents segments de march\u00e9 que vous voulez cibler.<\/li>\n<\/ul>\n<\/li>\n<\/ul>\n","protected":false},"excerpt":{"rendered":"<p>Notre m\u00e9thode en 5 \u00e9tapes pour acc\u00e9l\u00e9rer la Croissance de vos Revenus we::nXt a constat\u00e9 que les soci\u00e9t\u00e9s high-tech peuvent d\u00e9passer leur objectifs de croissance du chiffre d&rsquo;affaires en suivant un processus en 5 \u00e9tapes: Strat\u00e9gie d&rsquo;Entreprise D\u00e9terminez comment vous voulez servir vos clients, quel probl\u00e8me vous solutionnez, sur quel march\u00e9s vous vous positionnez, quelle<\/p><\/div>\n<div class=\"blog-btn\"><a href=\"https:\/\/www.wenxt.com\/index.php\/fr\/methode\/\" class=\"home-blog-btn\">Lire la suite<\/a><\/p>\n","protected":false},"author":1,"featured_media":0,"parent":0,"menu_order":10,"comment_status":"closed","ping_status":"closed","template":"template\/template-contact.php","meta":{"content-type":"","footnotes":""},"class_list":["post-993","page","type-page","status-publish","hentry"],"yoast_head":"<!-- This site is optimized with the Yoast SEO plugin v27.5 - https:\/\/yoast.com\/product\/yoast-seo-wordpress\/ -->\n<title>M\u00e9thode de Croissance - We::NXT consulting - Croissance du Revenu<\/title>\n<meta name=\"description\" content=\"we::nXt recommande une m\u00e9thode en 5 \u00e9tapes pour assurer l&#039;Acc\u00e9l\u00e9ration de la Croissance: Strat\u00e9gie, Produits\/Services, Mon\u00e9tisation\/Prix, Ventes, Marketing\" \/>\n<meta name=\"robots\" content=\"index, follow, max-snippet:-1, max-image-preview:large, max-video-preview:-1\" \/>\n<link rel=\"canonical\" href=\"https:\/\/www.wenxt.com\/index.php\/fr\/methode\/\" \/>\n<meta property=\"og:locale\" content=\"fr_FR\" \/>\n<meta property=\"og:type\" content=\"article\" \/>\n<meta property=\"og:title\" content=\"M\u00e9thode de Croissance - We::NXT consulting - Croissance du Revenu\" \/>\n<meta property=\"og:description\" content=\"we::nXt recommande une m\u00e9thode en 5 \u00e9tapes pour assurer l&#039;Acc\u00e9l\u00e9ration de la Croissance: Strat\u00e9gie, Produits\/Services, Mon\u00e9tisation\/Prix, Ventes, Marketing\" \/>\n<meta property=\"og:url\" content=\"https:\/\/www.wenxt.com\/index.php\/fr\/methode\/\" \/>\n<meta property=\"og:site_name\" content=\"We::NXT consulting\" \/>\n<meta property=\"article:modified_time\" content=\"2019-06-25T09:49:49+00:00\" \/>\n<meta name=\"twitter:card\" content=\"summary_large_image\" \/>\n<meta name=\"twitter:label1\" content=\"Dur\u00e9e de lecture estim\u00e9e\" \/>\n\t<meta name=\"twitter:data1\" content=\"1 minute\" \/>\n<script type=\"application\/ld+json\" class=\"yoast-schema-graph\">{\"@context\":\"https:\\\/\\\/schema.org\",\"@graph\":[{\"@type\":\"WebPage\",\"@id\":\"https:\\\/\\\/www.wenxt.com\\\/index.php\\\/fr\\\/methode\\\/\",\"url\":\"https:\\\/\\\/www.wenxt.com\\\/index.php\\\/fr\\\/methode\\\/\",\"name\":\"M\u00e9thode de Croissance - We::NXT consulting - Croissance du Revenu\",\"isPartOf\":{\"@id\":\"https:\\\/\\\/www.wenxt.com\\\/#website\"},\"datePublished\":\"2019-01-05T17:32:11+00:00\",\"dateModified\":\"2019-06-25T09:49:49+00:00\",\"description\":\"we::nXt recommande une m\u00e9thode en 5 \u00e9tapes pour assurer l'Acc\u00e9l\u00e9ration de la Croissance: Strat\u00e9gie, Produits\\\/Services, Mon\u00e9tisation\\\/Prix, Ventes, Marketing\",\"breadcrumb\":{\"@id\":\"https:\\\/\\\/www.wenxt.com\\\/index.php\\\/fr\\\/methode\\\/#breadcrumb\"},\"inLanguage\":\"fr-FR\",\"potentialAction\":[{\"@type\":\"ReadAction\",\"target\":[\"https:\\\/\\\/www.wenxt.com\\\/index.php\\\/fr\\\/methode\\\/\"]}]},{\"@type\":\"BreadcrumbList\",\"@id\":\"https:\\\/\\\/www.wenxt.com\\\/index.php\\\/fr\\\/methode\\\/#breadcrumb\",\"itemListElement\":[{\"@type\":\"ListItem\",\"position\":1,\"name\":\"Home\",\"item\":\"https:\\\/\\\/www.wenxt.com\\\/\"},{\"@type\":\"ListItem\",\"position\":2,\"name\":\"M\u00e9thode de Croissance\"}]},{\"@type\":\"WebSite\",\"@id\":\"https:\\\/\\\/www.wenxt.com\\\/#website\",\"url\":\"https:\\\/\\\/www.wenxt.com\\\/\",\"name\":\"We::NXT consulting\",\"description\":\"Go-To-Market and Sales Acceleration\",\"publisher\":{\"@id\":\"https:\\\/\\\/www.wenxt.com\\\/#organization\"},\"potentialAction\":[{\"@type\":\"SearchAction\",\"target\":{\"@type\":\"EntryPoint\",\"urlTemplate\":\"https:\\\/\\\/www.wenxt.com\\\/?s={search_term_string}\"},\"query-input\":{\"@type\":\"PropertyValueSpecification\",\"valueRequired\":true,\"valueName\":\"search_term_string\"}}],\"inLanguage\":\"fr-FR\"},{\"@type\":\"Organization\",\"@id\":\"https:\\\/\\\/www.wenxt.com\\\/#organization\",\"name\":\"WE::NXT\",\"url\":\"https:\\\/\\\/www.wenxt.com\\\/\",\"logo\":{\"@type\":\"ImageObject\",\"inLanguage\":\"fr-FR\",\"@id\":\"https:\\\/\\\/www.wenxt.com\\\/#\\\/schema\\\/logo\\\/image\\\/\",\"url\":\"https:\\\/\\\/www.wenxt.com\\\/wp-content\\\/uploads\\\/2026\\\/01\\\/WENXT-long-zoom-10pct-png.png\",\"contentUrl\":\"https:\\\/\\\/www.wenxt.com\\\/wp-content\\\/uploads\\\/2026\\\/01\\\/WENXT-long-zoom-10pct-png.png\",\"width\":1041,\"height\":244,\"caption\":\"WE::NXT\"},\"image\":{\"@id\":\"https:\\\/\\\/www.wenxt.com\\\/#\\\/schema\\\/logo\\\/image\\\/\"}}]}<\/script>\n<!-- \/ Yoast SEO plugin. -->","yoast_head_json":{"title":"M\u00e9thode de Croissance - We::NXT consulting - Croissance du Revenu","description":"we::nXt recommande une m\u00e9thode en 5 \u00e9tapes pour assurer l'Acc\u00e9l\u00e9ration de la Croissance: Strat\u00e9gie, Produits\/Services, Mon\u00e9tisation\/Prix, Ventes, Marketing","robots":{"index":"index","follow":"follow","max-snippet":"max-snippet:-1","max-image-preview":"max-image-preview:large","max-video-preview":"max-video-preview:-1"},"canonical":"https:\/\/www.wenxt.com\/index.php\/fr\/methode\/","og_locale":"fr_FR","og_type":"article","og_title":"M\u00e9thode de Croissance - We::NXT consulting - Croissance du Revenu","og_description":"we::nXt recommande une m\u00e9thode en 5 \u00e9tapes pour assurer l'Acc\u00e9l\u00e9ration de la Croissance: Strat\u00e9gie, Produits\/Services, Mon\u00e9tisation\/Prix, Ventes, Marketing","og_url":"https:\/\/www.wenxt.com\/index.php\/fr\/methode\/","og_site_name":"We::NXT consulting","article_modified_time":"2019-06-25T09:49:49+00:00","twitter_card":"summary_large_image","twitter_misc":{"Dur\u00e9e de lecture estim\u00e9e":"1 minute"},"schema":{"@context":"https:\/\/schema.org","@graph":[{"@type":"WebPage","@id":"https:\/\/www.wenxt.com\/index.php\/fr\/methode\/","url":"https:\/\/www.wenxt.com\/index.php\/fr\/methode\/","name":"M\u00e9thode de Croissance - We::NXT consulting - Croissance du Revenu","isPartOf":{"@id":"https:\/\/www.wenxt.com\/#website"},"datePublished":"2019-01-05T17:32:11+00:00","dateModified":"2019-06-25T09:49:49+00:00","description":"we::nXt recommande une m\u00e9thode en 5 \u00e9tapes pour assurer l'Acc\u00e9l\u00e9ration de la Croissance: Strat\u00e9gie, Produits\/Services, Mon\u00e9tisation\/Prix, Ventes, Marketing","breadcrumb":{"@id":"https:\/\/www.wenxt.com\/index.php\/fr\/methode\/#breadcrumb"},"inLanguage":"fr-FR","potentialAction":[{"@type":"ReadAction","target":["https:\/\/www.wenxt.com\/index.php\/fr\/methode\/"]}]},{"@type":"BreadcrumbList","@id":"https:\/\/www.wenxt.com\/index.php\/fr\/methode\/#breadcrumb","itemListElement":[{"@type":"ListItem","position":1,"name":"Home","item":"https:\/\/www.wenxt.com\/"},{"@type":"ListItem","position":2,"name":"M\u00e9thode de Croissance"}]},{"@type":"WebSite","@id":"https:\/\/www.wenxt.com\/#website","url":"https:\/\/www.wenxt.com\/","name":"We::NXT consulting","description":"Go-To-Market and Sales Acceleration","publisher":{"@id":"https:\/\/www.wenxt.com\/#organization"},"potentialAction":[{"@type":"SearchAction","target":{"@type":"EntryPoint","urlTemplate":"https:\/\/www.wenxt.com\/?s={search_term_string}"},"query-input":{"@type":"PropertyValueSpecification","valueRequired":true,"valueName":"search_term_string"}}],"inLanguage":"fr-FR"},{"@type":"Organization","@id":"https:\/\/www.wenxt.com\/#organization","name":"WE::NXT","url":"https:\/\/www.wenxt.com\/","logo":{"@type":"ImageObject","inLanguage":"fr-FR","@id":"https:\/\/www.wenxt.com\/#\/schema\/logo\/image\/","url":"https:\/\/www.wenxt.com\/wp-content\/uploads\/2026\/01\/WENXT-long-zoom-10pct-png.png","contentUrl":"https:\/\/www.wenxt.com\/wp-content\/uploads\/2026\/01\/WENXT-long-zoom-10pct-png.png","width":1041,"height":244,"caption":"WE::NXT"},"image":{"@id":"https:\/\/www.wenxt.com\/#\/schema\/logo\/image\/"}}]}},"_links":{"self":[{"href":"https:\/\/www.wenxt.com\/index.php\/wp-json\/wp\/v2\/pages\/993","targetHints":{"allow":["GET"]}}],"collection":[{"href":"https:\/\/www.wenxt.com\/index.php\/wp-json\/wp\/v2\/pages"}],"about":[{"href":"https:\/\/www.wenxt.com\/index.php\/wp-json\/wp\/v2\/types\/page"}],"author":[{"embeddable":true,"href":"https:\/\/www.wenxt.com\/index.php\/wp-json\/wp\/v2\/users\/1"}],"replies":[{"embeddable":true,"href":"https:\/\/www.wenxt.com\/index.php\/wp-json\/wp\/v2\/comments?post=993"}],"version-history":[{"count":0,"href":"https:\/\/www.wenxt.com\/index.php\/wp-json\/wp\/v2\/pages\/993\/revisions"}],"wp:attachment":[{"href":"https:\/\/www.wenxt.com\/index.php\/wp-json\/wp\/v2\/media?parent=993"}],"curies":[{"name":"wp","href":"https:\/\/api.w.org\/{rel}","templated":true}]}}